{"id":818,"date":"2024-04-30T11:52:20","date_gmt":"2024-04-30T09:52:20","guid":{"rendered":"https:\/\/www.nerofermento.it\/?page_id=818"},"modified":"2024-11-12T14:21:36","modified_gmt":"2024-11-12T13:21:36","slug":"chi-siamo","status":"publish","type":"page","link":"https:\/\/www.nerofermento.it\/fr\/qui-nous-sommes\/","title":{"rendered":"\u00c0 propos de nous"},"content":{"rendered":"<div data-elementor-type=\"wp-page\" data-elementor-id=\"818\" class=\"elementor elementor-818\" data-elementor-post-type=\"page\">\n\t\t\t\t<div class=\"elementor-element elementor-element-cb08baf e-flex e-con-boxed e-con e-parent\" data-id=\"cb08baf\" data-element_type=\"container\" data-settings=\"{&quot;background_background&quot;:&quot;classic&quot;}\">\n\t\t\t\t\t<div class=\"e-con-inner\">\n\t\t\t\t<div class=\"elementor-element elementor-element-3e52f02 elementor-widget elementor-widget-heading\" data-id=\"3e52f02\" data-element_type=\"widget\" data-widget_type=\"heading.default\">\n\t\t\t\t<div class=\"elementor-widget-container\">\n\t\t\t<h1 class=\"elementor-heading-title elementor-size-default\">QUI SOMMES-NOUS ?<\/h1>\t\t<\/div>\n\t\t\t\t<\/div>\n\t\t\t\t<div class=\"elementor-element elementor-element-a83e31b elementor-widget__width-initial elementor-widget elementor-widget-text-editor\" data-id=\"a83e31b\" data-element_type=\"widget\" data-widget_type=\"text-editor.default\">\n\t\t\t\t<div class=\"elementor-widget-container\">\n\t\t\t\t\t\t\t<p style=\"text-align: center;\">Nous sommes une entreprise innovante alliant tradition et technologie, sp\u00e9cialis\u00e9e dans la transformation de l'ail blanc en ail noir gr\u00e2ce \u00e0 des proc\u00e9d\u00e9s avanc\u00e9s et uniques.<\/p>\t\t\t\t\t\t<\/div>\n\t\t\t\t<\/div>\n\t\t\t\t\t<\/div>\n\t\t\t\t<\/div>\n\t\t<div class=\"elementor-element elementor-element-75521c0 e-flex e-con-boxed e-con e-parent\" data-id=\"75521c0\" data-element_type=\"container\" data-settings=\"{&quot;background_background&quot;:&quot;classic&quot;}\">\n\t\t\t\t\t<div class=\"e-con-inner\">\n\t\t\t\t<div class=\"elementor-element elementor-element-96d8ff8 elementor-widget elementor-widget-image\" data-id=\"96d8ff8\" data-element_type=\"widget\" data-widget_type=\"image.default\">\n\t\t\t\t<div class=\"elementor-widget-container\">\n\t\t\t\t\t\t\t\t\t\t\t\t\t<img fetchpriority=\"high\" decoding=\"async\" width=\"800\" height=\"534\" src=\"https:\/\/www.nerofermento.it\/wp-content\/uploads\/2024\/05\/4_Chi-siamo-1024x684.jpg\" class=\"attachment-large size-large wp-image-6019\" alt=\"ventes d&#039;ail noir et sponsors\" srcset=\"https:\/\/www.nerofermento.it\/wp-content\/uploads\/2024\/05\/4_Chi-siamo-1024x684.jpg 1024w, https:\/\/www.nerofermento.it\/wp-content\/uploads\/2024\/05\/4_Chi-siamo-300x200.jpg 300w, https:\/\/www.nerofermento.it\/wp-content\/uploads\/2024\/05\/4_Chi-siamo-768x513.jpg 768w, https:\/\/www.nerofermento.it\/wp-content\/uploads\/2024\/05\/4_Chi-siamo-1536x1025.jpg 1536w, https:\/\/www.nerofermento.it\/wp-content\/uploads\/2024\/05\/4_Chi-siamo-2048x1367.jpg 2048w\" sizes=\"(max-width: 800px) 100vw, 800px\" \/>\t\t\t\t\t\t\t\t\t\t\t\t\t<\/div>\n\t\t\t\t<\/div>\n\t\t\t\t\t<\/div>\n\t\t\t\t<\/div>\n\t\t<div class=\"elementor-element elementor-element-bb095d7 e-flex e-con-boxed e-con e-parent\" data-id=\"bb095d7\" data-element_type=\"container\" data-settings=\"{&quot;background_background&quot;:&quot;classic&quot;}\">\n\t\t\t\t\t<div class=\"e-con-inner\">\n\t\t<div class=\"elementor-element elementor-element-b32beea e-flex e-con-boxed e-con e-child\" data-id=\"b32beea\" data-element_type=\"container\">\n\t\t\t\t\t<div class=\"e-con-inner\">\n\t\t\t\t<div class=\"elementor-element elementor-element-a9370a7 elementor-widget__width-initial elementor-widget elementor-widget-text-editor\" data-id=\"a9370a7\" data-element_type=\"widget\" data-widget_type=\"text-editor.default\">\n\t\t\t\t<div class=\"elementor-widget-container\">\n\t\t\t\t\t\t\t<h3><strong>L'ID\u00c9E<\/strong><\/h3>\t\t\t\t\t\t<\/div>\n\t\t\t\t<\/div>\n\t\t\t\t<div class=\"elementor-element elementor-element-ecef435 elementor-widget__width-initial elementor-widget elementor-widget-text-editor\" data-id=\"ecef435\" data-element_type=\"widget\" data-widget_type=\"text-editor.default\">\n\t\t\t\t<div class=\"elementor-widget-container\">\n\t\t\t\t\t\t\t<p>N\u00e9 comme <strong>D\u00e9marrage<\/strong> \u00e0 Ravenne en 2017 par la rencontre entre <strong>l'agriculture<\/strong> e <strong>technologie<\/strong>Nous sommes une entreprise innovante dans le domaine du d\u00e9veloppement et de la commercialisation de l'ail ferment\u00e9 et affin\u00e9. L'id\u00e9e est n\u00e9e de la <strong>culture de fermentation orientale<\/strong> et nous avons d\u00e9velopp\u00e9 nous-m\u00eames les machines permettant de transformer l'ail blanc en ail noir en 60 jours environ.<\/p><p><strong>Qu'est-ce qui nous distingue ?<\/strong> La technologie que nous avons d\u00e9velopp\u00e9e au sein de 100%, le fait que nous ayons choisi de transformer avant tout l'ail AOP de Voghiera (FE) et le fait que nous soyons un groupe d'amis, tous techniciens amoureux de la gastronomie, de la recherche et de la bonne cuisine, qui ont d\u00e9cid\u00e9 de mettre de c\u00f4t\u00e9 leurs zones de confort et d'entrer dans le monde bien-aim\u00e9 de l'alimentation \u00e0 partir de leur propre exp\u00e9rience, sont autant d'\u00e9l\u00e9ments qui nous ont permis d'am\u00e9liorer la qualit\u00e9 de nos produits. <strong>comp\u00e9tences<\/strong> et ses propres <strong>la cr\u00e9ativit\u00e9<\/strong>.<\/p>\t\t\t\t\t\t<\/div>\n\t\t\t\t<\/div>\n\t\t\t\t\t<\/div>\n\t\t\t\t<\/div>\n\t\t<div class=\"elementor-element elementor-element-6e0773b e-flex e-con-boxed e-con e-child\" data-id=\"6e0773b\" data-element_type=\"container\">\n\t\t\t\t\t<div class=\"e-con-inner\">\n\t\t<div class=\"elementor-element elementor-element-9e7262a e-con-full e-flex e-con e-child\" data-id=\"9e7262a\" data-element_type=\"container\" data-settings=\"{&quot;background_background&quot;:&quot;slideshow&quot;,&quot;background_slideshow_gallery&quot;:[{&quot;id&quot;:6020,&quot;url&quot;:&quot;https:\\\/\\\/www.nerofermento.it\\\/wp-content\\\/uploads\\\/2024\\\/05\\\/5_Lidea.jpg&quot;}],&quot;background_slideshow_loop&quot;:&quot;yes&quot;,&quot;background_slideshow_slide_duration&quot;:5000,&quot;background_slideshow_slide_transition&quot;:&quot;fade&quot;,&quot;background_slideshow_transition_duration&quot;:500}\">\n\t\t\t\t<div class=\"elementor-element elementor-element-26bfbd2 elementor-widget elementor-widget-spacer\" data-id=\"26bfbd2\" data-element_type=\"widget\" data-widget_type=\"spacer.default\">\n\t\t\t\t<div class=\"elementor-widget-container\">\n\t\t\t\t\t<div class=\"elementor-spacer\">\n\t\t\t<div class=\"elementor-spacer-inner\"><\/div>\n\t\t<\/div>\n\t\t\t\t<\/div>\n\t\t\t\t<\/div>\n\t\t\t\t<\/div>\n\t\t\t\t\t<\/div>\n\t\t\t\t<\/div>\n\t\t\t\t\t<\/div>\n\t\t\t\t<\/div>\n\t\t<div class=\"elementor-element elementor-element-459bbde e-flex e-con-boxed e-con e-parent\" data-id=\"459bbde\" data-element_type=\"container\" data-settings=\"{&quot;background_background&quot;:&quot;classic&quot;}\">\n\t\t\t\t\t<div class=\"e-con-inner\">\n\t\t<div class=\"elementor-element elementor-element-74727d2 e-flex e-con-boxed e-con e-child\" data-id=\"74727d2\" data-element_type=\"container\">\n\t\t\t\t\t<div class=\"e-con-inner\">\n\t\t<div class=\"elementor-element elementor-element-6e54f0b e-con-full e-flex e-con e-child\" data-id=\"6e54f0b\" data-element_type=\"container\" data-settings=\"{&quot;background_background&quot;:&quot;classic&quot;}\">\n\t\t\t\t<div class=\"elementor-element elementor-element-8caa420 elementor-widget elementor-widget-spacer\" data-id=\"8caa420\" data-element_type=\"widget\" data-widget_type=\"spacer.default\">\n\t\t\t\t<div class=\"elementor-widget-container\">\n\t\t\t\t\t<div class=\"elementor-spacer\">\n\t\t\t<div class=\"elementor-spacer-inner\"><\/div>\n\t\t<\/div>\n\t\t\t\t<\/div>\n\t\t\t\t<\/div>\n\t\t\t\t<\/div>\n\t\t\t\t\t<\/div>\n\t\t\t\t<\/div>\n\t\t<div class=\"elementor-element elementor-element-7637592 e-flex e-con-boxed e-con e-child\" data-id=\"7637592\" data-element_type=\"container\">\n\t\t\t\t\t<div class=\"e-con-inner\">\n\t\t\t\t<div class=\"elementor-element elementor-element-0e028e7 elementor-widget__width-initial elementor-widget elementor-widget-text-editor\" data-id=\"0e028e7\" data-element_type=\"widget\" data-widget_type=\"text-editor.default\">\n\t\t\t\t<div class=\"elementor-widget-container\">\n\t\t\t\t\t\t\t<h3><strong>LA MATI\u00c8RE PREMI\u00c8RE AU CENTRE<\/strong><\/h3>\t\t\t\t\t\t<\/div>\n\t\t\t\t<\/div>\n\t\t\t\t<div class=\"elementor-element elementor-element-185ff96 elementor-widget__width-initial elementor-widget elementor-widget-text-editor\" data-id=\"185ff96\" data-element_type=\"widget\" data-widget_type=\"text-editor.default\">\n\t\t\t\t<div class=\"elementor-widget-container\">\n\t\t\t\t\t\t\t<p>Au centre de tout cela se trouve la mati\u00e8re premi\u00e8re, le <strong>territoire<\/strong> repr\u00e9sentant et exprimant, le <strong>le respect de la cha\u00eene d'approvisionnement<\/strong>.<\/p><p>Pour notre ligne Nero di Voghiera gourmet, nous ne s\u00e9lectionnons avec soin que les produits suivants <strong>Ail de Voghiera P.D.O.<\/strong>certifi\u00e9e et prot\u00e9g\u00e9e par la <strong>Consorzio Produttori Aglio di Voghiera (Consortium des producteurs d'ail de Voghiera)<\/strong>un produit d'excellence qui renferme le go\u00fbt inimitable et les propri\u00e9t\u00e9s b\u00e9n\u00e9fiques de la nature.<\/p><p>Pour notre ligne NERO&amp;BIO, nous choisissons de l'ail blanc provenant des meilleurs <strong>aux Italiens certifi\u00e9s biologiques<\/strong>soigneusement s\u00e9lectionn\u00e9s et cultiv\u00e9s dans les <strong>le respect du territoire<\/strong>. Un engagement concret en faveur de la <strong>la durabilit\u00e9<\/strong> et pour les <strong>protection des terres<\/strong>.<\/p>\t\t\t\t\t\t<\/div>\n\t\t\t\t<\/div>\n\t\t\t\t\t<\/div>\n\t\t\t\t<\/div>\n\t\t\t\t\t<\/div>\n\t\t\t\t<\/div>\n\t\t<div class=\"elementor-element elementor-element-9925a24 e-flex e-con-boxed e-con e-parent\" data-id=\"9925a24\" data-element_type=\"container\" data-settings=\"{&quot;background_background&quot;:&quot;classic&quot;}\">\n\t\t\t\t\t<div class=\"e-con-inner\">\n\t\t<div class=\"elementor-element elementor-element-9231e44 e-flex e-con-boxed e-con e-child\" data-id=\"9231e44\" data-element_type=\"container\">\n\t\t\t\t\t<div class=\"e-con-inner\">\n\t\t\t\t<div class=\"elementor-element elementor-element-19a1bfc elementor-widget__width-initial elementor-widget elementor-widget-text-editor\" data-id=\"19a1bfc\" data-element_type=\"widget\" data-widget_type=\"text-editor.default\">\n\t\t\t\t<div class=\"elementor-widget-container\">\n\t\t\t\t\t\t\t<h3><strong>TECHNOLOGIE<\/strong><\/h3>\t\t\t\t\t\t<\/div>\n\t\t\t\t<\/div>\n\t\t\t\t<div class=\"elementor-element elementor-element-e939dec elementor-widget__width-initial elementor-widget elementor-widget-text-editor\" data-id=\"e939dec\" data-element_type=\"widget\" data-widget_type=\"text-editor.default\">\n\t\t\t\t<div class=\"elementor-widget-container\">\n\t\t\t\t\t\t\t<p><span style=\"font-size: 12pt;\">Les plantes transform\u00e9es ont \u00e9t\u00e9 <strong>pleinement d\u00e9velopp\u00e9<\/strong> par nous, de l'id\u00e9e \u00e0 la conception et \u00e0 la mise en \u0153uvre, du mat\u00e9riel et des logiciels.<\/span><\/p><p><span style=\"font-size: 12pt;\">Les cellules de traitement, d'une capacit\u00e9 de 2,5 tonnes chacune, sont \u00e9quip\u00e9es d'un syst\u00e8me d'automatisation et de contr\u00f4le qui permet de r\u00e9gler et de surveiller les param\u00e8tres de traitement. <strong>la temp\u00e9rature et l'humidit\u00e9<\/strong> <strong>optimale<\/strong> aux fins du traitement de l'ail.<\/span><\/p>\t\t\t\t\t\t<\/div>\n\t\t\t\t<\/div>\n\t\t\t\t\t<\/div>\n\t\t\t\t<\/div>\n\t\t<div class=\"elementor-element elementor-element-2d06410 e-flex e-con-boxed e-con e-child\" data-id=\"2d06410\" data-element_type=\"container\">\n\t\t\t\t\t<div class=\"e-con-inner\">\n\t\t<div class=\"elementor-element elementor-element-def5fed e-con-full e-flex e-con e-child\" data-id=\"def5fed\" data-element_type=\"container\" data-settings=\"{&quot;background_background&quot;:&quot;classic&quot;}\">\n\t\t\t\t<div class=\"elementor-element elementor-element-6843453 elementor-widget elementor-widget-spacer\" data-id=\"6843453\" data-element_type=\"widget\" data-widget_type=\"spacer.default\">\n\t\t\t\t<div class=\"elementor-widget-container\">\n\t\t\t\t\t<div class=\"elementor-spacer\">\n\t\t\t<div class=\"elementor-spacer-inner\"><\/div>\n\t\t<\/div>\n\t\t\t\t<\/div>\n\t\t\t\t<\/div>\n\t\t\t\t<\/div>\n\t\t\t\t\t<\/div>\n\t\t\t\t<\/div>\n\t\t\t\t\t<\/div>\n\t\t\t\t<\/div>\n\t\t<div class=\"elementor-element elementor-element-cd2cf7c e-flex e-con-boxed e-con e-parent\" data-id=\"cd2cf7c\" data-element_type=\"container\" data-settings=\"{&quot;background_background&quot;:&quot;classic&quot;}\">\n\t\t\t\t\t<div class=\"e-con-inner\">\n\t\t<div class=\"elementor-element elementor-element-504d035 e-flex e-con-boxed e-con e-child\" data-id=\"504d035\" data-element_type=\"container\">\n\t\t\t\t\t<div class=\"e-con-inner\">\n\t\t<div class=\"elementor-element elementor-element-779007d e-con-full e-flex e-con e-child\" data-id=\"779007d\" data-element_type=\"container\" data-settings=\"{&quot;background_background&quot;:&quot;classic&quot;}\">\n\t\t\t\t<div class=\"elementor-element elementor-element-483c70d elementor-widget elementor-widget-spacer\" data-id=\"483c70d\" data-element_type=\"widget\" data-widget_type=\"spacer.default\">\n\t\t\t\t<div class=\"elementor-widget-container\">\n\t\t\t\t\t<div class=\"elementor-spacer\">\n\t\t\t<div class=\"elementor-spacer-inner\"><\/div>\n\t\t<\/div>\n\t\t\t\t<\/div>\n\t\t\t\t<\/div>\n\t\t\t\t<\/div>\n\t\t\t\t\t<\/div>\n\t\t\t\t<\/div>\n\t\t<div class=\"elementor-element elementor-element-b3290f1 e-flex e-con-boxed e-con e-child\" data-id=\"b3290f1\" data-element_type=\"container\">\n\t\t\t\t\t<div class=\"e-con-inner\">\n\t\t\t\t<div class=\"elementor-element elementor-element-148bbbd elementor-widget__width-initial elementor-widget elementor-widget-text-editor\" data-id=\"148bbbd\" data-element_type=\"widget\" data-widget_type=\"text-editor.default\">\n\t\t\t\t<div class=\"elementor-widget-container\">\n\t\t\t\t\t\t\t<h3><strong>NOTRE VALEUR AJOUT\u00c9E<\/strong><\/h3>\t\t\t\t\t\t<\/div>\n\t\t\t\t<\/div>\n\t\t\t\t<div class=\"elementor-element elementor-element-ebee0a9 elementor-widget__width-initial elementor-widget elementor-widget-text-editor\" data-id=\"ebee0a9\" data-element_type=\"widget\" data-widget_type=\"text-editor.default\">\n\t\t\t\t<div class=\"elementor-widget-container\">\n\t\t\t\t\t\t\t<p><span style=\"font-size: 12pt;\">Quelle est la valeur ajout\u00e9e d'avoir con\u00e7u et construit les syst\u00e8mes en interne ? Le fait d'avoir agi de mani\u00e8re autonome nous a permis de d\u00e9velopper un syst\u00e8me de gestion de la qualit\u00e9. <strong>une connaissance approfondie des processus de fermentation et de maturation<\/strong> \u00e0 tous les niveaux, \u00e0 travers un long parcours d'analyse, de recherche, d'exp\u00e9rimentation, d'erreurs, d'am\u00e9liorations, jusqu'\u00e0 ce que nous ayons pleinement consolid\u00e9 notre savoir-faire et nos \"recettes\" de transformation. C'est pourquoi nous ne sommes pas seulement des experts de l'ail noir, mais aussi de tous les aspects de la transformation de l'ail : notre ail noir est <strong>l'expression globale du territoire<\/strong>de la terre d'o\u00f9 il na\u00eet blanc \u00e0 la conception et \u00e0 la r\u00e9alisation de la technologie n\u00e9cessaire pour le rendre noir.<\/span><\/p>\t\t\t\t\t\t<\/div>\n\t\t\t\t<\/div>\n\t\t\t\t\t<\/div>\n\t\t\t\t<\/div>\n\t\t\t\t\t<\/div>\n\t\t\t\t<\/div>\n\t\t\t\t<\/div>","protected":false},"excerpt":{"rendered":"<p>\u00c0 PROPOS Nous sommes une entreprise innovante alliant tradition et technologie, sp\u00e9cialis\u00e9e dans la transformation de l'ail blanc en ail noir gr\u00e2ce \u00e0 des processus avanc\u00e9s et uniques. L'ID\u00c9E N\u00e9e en tant que StartUp \u00e0 Ravenne en 2017 de la rencontre entre l'agriculture et la technologie, nous sommes une entreprise innovante dans le domaine du d\u00e9veloppement et de la commercialisation de l'ail ferment\u00e9 et affin\u00e9. L'id\u00e9e est n\u00e9e [...]<\/p>","protected":false},"author":1,"featured_media":0,"parent":0,"menu_order":0,"comment_status":"closed","ping_status":"closed","template":"","meta":{"om_disable_all_campaigns":false,"_monsterinsights_skip_tracking":false,"_monsterinsights_sitenote_active":false,"_monsterinsights_sitenote_note":"","_monsterinsights_sitenote_category":0,"footnotes":""},"class_list":["post-818","page","type-page","status-publish","hentry"],"aioseo_notices":[],"_links":{"self":[{"href":"https:\/\/www.nerofermento.it\/fr\/wp-json\/wp\/v2\/pages\/818","targetHints":{"allow":["GET"]}}],"collection":[{"href":"https:\/\/www.nerofermento.it\/fr\/wp-json\/wp\/v2\/pages"}],"about":[{"href":"https:\/\/www.nerofermento.it\/fr\/wp-json\/wp\/v2\/types\/page"}],"author":[{"embeddable":true,"href":"https:\/\/www.nerofermento.it\/fr\/wp-json\/wp\/v2\/users\/1"}],"replies":[{"embeddable":true,"href":"https:\/\/www.nerofermento.it\/fr\/wp-json\/wp\/v2\/comments?post=818"}],"version-history":[{"count":24,"href":"https:\/\/www.nerofermento.it\/fr\/wp-json\/wp\/v2\/pages\/818\/revisions"}],"predecessor-version":[{"id":7620,"href":"https:\/\/www.nerofermento.it\/fr\/wp-json\/wp\/v2\/pages\/818\/revisions\/7620"}],"wp:attachment":[{"href":"https:\/\/www.nerofermento.it\/fr\/wp-json\/wp\/v2\/media?parent=818"}],"curies":[{"name":"wp","href":"https:\/\/api.w.org\/{rel}","templated":true}]}}