{"id":7642,"date":"2025-01-24T12:11:52","date_gmt":"2025-01-24T11:11:52","guid":{"rendered":"https:\/\/www.nerofermento.it\/?page_id=7642"},"modified":"2025-10-15T14:28:33","modified_gmt":"2025-10-15T12:28:33","slug":"landing-page-taste2026","status":"publish","type":"page","link":"https:\/\/www.nerofermento.it\/fr\/landing-page-taste2025\/","title":{"rendered":"Landing Page TASTE 2026"},"content":{"rendered":"<div data-elementor-type=\"wp-page\" data-elementor-id=\"7642\" class=\"elementor elementor-7642\" data-elementor-post-type=\"page\">\n\t\t\t\t<div class=\"elementor-element elementor-element-9bee0f8 e-flex e-con-boxed e-con e-parent\" data-id=\"9bee0f8\" data-element_type=\"container\" data-settings=\"{&quot;background_background&quot;:&quot;classic&quot;}\">\n\t\t\t\t\t<div class=\"e-con-inner\">\n\t\t\t\t<div class=\"elementor-element elementor-element-d71652b elementor-widget elementor-widget-heading\" data-id=\"d71652b\" data-element_type=\"widget\" data-widget_type=\"heading.default\">\n\t\t\t\t<div class=\"elementor-widget-container\">\n\t\t\t<h1 class=\"elementor-heading-title elementor-size-default\">NEROFERMENTO TASTE 2026<\/h1>\t\t<\/div>\n\t\t\t\t<\/div>\n\t\t\t\t<div class=\"elementor-element elementor-element-b4bee9f elementor-widget__width-initial elementor-widget elementor-widget-text-editor\" data-id=\"b4bee9f\" data-element_type=\"widget\" data-widget_type=\"text-editor.default\">\n\t\t\t\t<div class=\"elementor-widget-container\">\n\t\t\t\t\t\t\t<p>BOZZAAAAAAAAAAAAAA<\/p><p>\u00c0 l'occasion de TASTE 2025, nous proposons une offre unique de Nero di Voghiera, notre bundle avec : 1 bulbe d'ail noir 30 g, 1 cr\u00e8me d'ail noir 70 g, 1 poudre d'ail noir 30 g et, en \u00e9dition limit\u00e9e, du sel d'ail noir 100 g. Le tout pour 28 \u20ac, frais de port inclus (en Italie). Passez votre commande entre le 8 et le 23 f\u00e9vrier 2025, du 25 au 28 f\u00e9vrier nous vous l'enverrons !<\/p>\t\t\t\t\t\t<\/div>\n\t\t\t\t<\/div>\n\t\t\t\t<div class=\"elementor-element elementor-element-d0f0812 elementor-widget elementor-widget-image\" data-id=\"d0f0812\" data-element_type=\"widget\" data-widget_type=\"image.default\">\n\t\t\t\t<div class=\"elementor-widget-container\">\n\t\t\t\t\t\t\t\t\t\t\t\t\t<img fetchpriority=\"high\" decoding=\"async\" width=\"419\" height=\"297\" src=\"https:\/\/www.nerofermento.it\/wp-content\/uploads\/2025\/02\/TASTE-2025-BUNDLE-v7._CMYKpdf.jpg\" class=\"attachment-1536x1536 size-1536x1536 wp-image-7713\" alt=\"\" srcset=\"https:\/\/www.nerofermento.it\/wp-content\/uploads\/2025\/02\/TASTE-2025-BUNDLE-v7._CMYKpdf.jpg 419w, https:\/\/www.nerofermento.it\/wp-content\/uploads\/2025\/02\/TASTE-2025-BUNDLE-v7._CMYKpdf-300x213.jpg 300w, https:\/\/www.nerofermento.it\/wp-content\/uploads\/2025\/02\/TASTE-2025-BUNDLE-v7._CMYKpdf-18x12.jpg 18w\" sizes=\"(max-width: 419px) 100vw, 419px\" \/>\t\t\t\t\t\t\t\t\t\t\t\t\t<\/div>\n\t\t\t\t<\/div>\n\t\t\t\t<div class=\"elementor-element elementor-element-411f1d1 elementor-widget__width-inherit elementor-widget elementor-widget-text-editor\" data-id=\"411f1d1\" data-element_type=\"widget\" data-widget_type=\"text-editor.default\">\n\t\t\t\t<div class=\"elementor-widget-container\">\n\t\t\t\t\t\t\t<style>.pp-ESYDLD5TVMP6A{text-align:center;border:none;border-radius:0.25rem;min-width:11.625rem;padding:0 2rem;height:2.625rem;font-weight:bold;background-color:#FFD140;color:#000000;font-family:\"Helvetica Neue\",Arial,sans-serif;font-size:1rem;line-height:1.25rem;cursor:pointer;}<\/style>\n<form action=\"https:\/\/www.paypal.com\/ncp\/payment\/ESYDLD5TVMP6A\" method=\"post\" target=\"_blank\" style=\"display:inline-grid;justify-items:center;align-content:start;gap:0.5rem;\" data-trp-original-action=\"https:\/\/www.paypal.com\/ncp\/payment\/ESYDLD5TVMP6A\">\n  <input class=\"pp-ESYDLD5TVMP6A\" type=\"submit\" value=\"Acheter\" \/>\n  <img src=\"https:\/\/www.paypalobjects.com\/images\/Debit_Credit_APM.svg\" alt=\"cartes\" \/>\n  <section> Avec la technologie <img decoding=\"async\" src=\"https:\/\/www.paypalobjects.com\/paypal-ui\/logos\/svg\/paypal-wordmark-color.svg\" alt=\"paypal\" style=\"height:0.875rem;vertical-align:middle;\"\/><\/section>\n<input type=\"hidden\" name=\"trp-form-language\" value=\"fr\"\/><\/form>\t\t\t\t\t\t<\/div>\n\t\t\t\t<\/div>\n\t\t\t\t\t<\/div>\n\t\t\t\t<\/div>\n\t\t<div class=\"elementor-element elementor-element-3a4f825 e-flex e-con-boxed e-con e-parent\" data-id=\"3a4f825\" data-element_type=\"container\" data-settings=\"{&quot;background_background&quot;:&quot;classic&quot;}\">\n\t\t\t\t\t<div class=\"e-con-inner\">\n\t\t<div class=\"elementor-element elementor-element-2e58ceb e-flex e-con-boxed e-con e-child\" data-id=\"2e58ceb\" data-element_type=\"container\">\n\t\t\t\t\t<div class=\"e-con-inner\">\n\t\t\t\t<div class=\"elementor-element elementor-element-5c6690b elementor-widget elementor-widget-image\" data-id=\"5c6690b\" data-element_type=\"widget\" data-widget_type=\"image.default\">\n\t\t\t\t<div class=\"elementor-widget-container\">\n\t\t\t\t\t\t\t\t\t\t\t\t\t\t<a href=\"https:\/\/www.nerofermento.it\/wp-content\/uploads\/2025\/01\/nerofermento-1280x1280px.jpg\" data-elementor-open-lightbox=\"yes\" data-elementor-lightbox-title=\"nerofermento-1280x1280px\" data-e-action-hash=\"#elementor-action%3Aaction%3Dlightbox%26settings%3DeyJpZCI6NzY0OSwidXJsIjoiaHR0cHM6XC9cL3d3dy5uZXJvZmVybWVudG8uaXRcL3dwLWNvbnRlbnRcL3VwbG9hZHNcLzIwMjVcLzAxXC9uZXJvZmVybWVudG8tMTI4MHgxMjgwcHguanBnIn0%3D\">\n\t\t\t\t\t\t\t<img decoding=\"async\" width=\"800\" height=\"800\" src=\"https:\/\/www.nerofermento.it\/wp-content\/uploads\/2025\/01\/nerofermento-1280x1280px-1024x1024.jpg\" class=\"attachment-large size-large wp-image-7649\" alt=\"nerofermento au go\u00fbt 2025 avec son ail noir de Voghiera, venez nous rendre visite \u00e0 Florence\" srcset=\"https:\/\/www.nerofermento.it\/wp-content\/uploads\/2025\/01\/nerofermento-1280x1280px-1024x1024.jpg 1024w, https:\/\/www.nerofermento.it\/wp-content\/uploads\/2025\/01\/nerofermento-1280x1280px-300x300.jpg 300w, https:\/\/www.nerofermento.it\/wp-content\/uploads\/2025\/01\/nerofermento-1280x1280px-150x150.jpg 150w, https:\/\/www.nerofermento.it\/wp-content\/uploads\/2025\/01\/nerofermento-1280x1280px-768x768.jpg 768w, https:\/\/www.nerofermento.it\/wp-content\/uploads\/2025\/01\/nerofermento-1280x1280px-1536x1536.jpg 1536w, https:\/\/www.nerofermento.it\/wp-content\/uploads\/2025\/01\/nerofermento-1280x1280px-2048x2048.jpg 2048w, https:\/\/www.nerofermento.it\/wp-content\/uploads\/2025\/01\/nerofermento-1280x1280px-12x12.jpg 12w\" sizes=\"(max-width: 800px) 100vw, 800px\" \/>\t\t\t\t\t\t\t\t<\/a>\n\t\t\t\t\t\t\t\t\t\t\t\t\t<\/div>\n\t\t\t\t<\/div>\n\t\t\t\t\t<\/div>\n\t\t\t\t<\/div>\n\t\t\t\t\t<\/div>\n\t\t\t\t<\/div>\n\t\t<div class=\"elementor-element elementor-element-eccb815 e-flex e-con-boxed e-con e-parent\" data-id=\"eccb815\" data-element_type=\"container\" data-settings=\"{&quot;background_background&quot;:&quot;classic&quot;}\">\n\t\t\t\t\t<div class=\"e-con-inner\">\n\t\t\t\t<div class=\"elementor-element elementor-element-a69197e elementor-widget__width-initial elementor-widget elementor-widget-heading\" data-id=\"a69197e\" data-element_type=\"widget\" data-widget_type=\"heading.default\">\n\t\t\t\t<div class=\"elementor-widget-container\">\n\t\t\t<h1 class=\"elementor-heading-title elementor-size-default\">VOUS NE TROUVEZ PAS CE QUE VOUS CHERCHEZ ?<\/h1>\t\t<\/div>\n\t\t\t\t<\/div>\n\t\t\t\t<div class=\"elementor-element elementor-element-01c7a69 elementor-align-center elementor-widget elementor-widget-button\" data-id=\"01c7a69\" data-element_type=\"widget\" data-widget_type=\"button.default\">\n\t\t\t\t<div class=\"elementor-widget-container\">\n\t\t\t\t\t<div class=\"elementor-button-wrapper\">\n\t\t\t<a class=\"elementor-button elementor-button-link elementor-size-sm elementor-animation-grow\" href=\"https:\/\/www.nerofermento.it\/en\/contacts\/\">\n\t\t\t\t\t\t<span class=\"elementor-button-content-wrapper\">\n\t\t\t\t\t\t\t\t\t<span class=\"elementor-button-text\">CONTACTEZ-NOUS<\/span>\n\t\t\t\t\t<\/span>\n\t\t\t\t\t<\/a>\n\t\t<\/div>\n\t\t\t\t<\/div>\n\t\t\t\t<\/div>\n\t\t\t\t\t<\/div>\n\t\t\t\t<\/div>\n\t\t\t\t<\/div>","protected":false},"excerpt":{"rendered":"<p>NEROFERMENTO TASTE 2026 BOZZAAAAAAAAAAAAAA In occasione del TASTE 2025 proponiamo un&#8217;offerta Nero di Voghiera irripetibile, il nostro bundle con: 1 aglio nero in bulbo 30 gr, 1 crema di aglio nero 70 gr, 1 polvere i aglio nero 30 gr e, in edizione limitata, il sale all&#8217;aglio nero 100 gr. Tutto a 28 \u20ac, spese [&hellip;]<\/p>","protected":false},"author":2,"featured_media":0,"parent":0,"menu_order":0,"comment_status":"closed","ping_status":"closed","template":"","meta":{"om_disable_all_campaigns":false,"_monsterinsights_skip_tracking":false,"_monsterinsights_sitenote_active":false,"_monsterinsights_sitenote_note":"","_monsterinsights_sitenote_category":0,"footnotes":""},"class_list":["post-7642","page","type-page","status-publish","hentry"],"aioseo_notices":[],"_links":{"self":[{"href":"https:\/\/www.nerofermento.it\/fr\/wp-json\/wp\/v2\/pages\/7642","targetHints":{"allow":["GET"]}}],"collection":[{"href":"https:\/\/www.nerofermento.it\/fr\/wp-json\/wp\/v2\/pages"}],"about":[{"href":"https:\/\/www.nerofermento.it\/fr\/wp-json\/wp\/v2\/types\/page"}],"author":[{"embeddable":true,"href":"https:\/\/www.nerofermento.it\/fr\/wp-json\/wp\/v2\/users\/2"}],"replies":[{"embeddable":true,"href":"https:\/\/www.nerofermento.it\/fr\/wp-json\/wp\/v2\/comments?post=7642"}],"version-history":[{"count":65,"href":"https:\/\/www.nerofermento.it\/fr\/wp-json\/wp\/v2\/pages\/7642\/revisions"}],"predecessor-version":[{"id":8056,"href":"https:\/\/www.nerofermento.it\/fr\/wp-json\/wp\/v2\/pages\/7642\/revisions\/8056"}],"wp:attachment":[{"href":"https:\/\/www.nerofermento.it\/fr\/wp-json\/wp\/v2\/media?parent=7642"}],"curies":[{"name":"wp","href":"https:\/\/api.w.org\/{rel}","templated":true}]}}