{"id":7123,"date":"2024-09-18T16:18:03","date_gmt":"2024-09-18T14:18:03","guid":{"rendered":"https:\/\/www.nerofermento.it\/disconoscimento\/"},"modified":"2024-10-25T16:45:54","modified_gmt":"2024-10-25T14:45:54","slug":"disconoscimento","status":"publish","type":"page","link":"https:\/\/www.nerofermento.it\/fr\/desaveu\/","title":{"rendered":"D\u00e9saveu"},"content":{"rendered":"<div data-elementor-type=\"wp-page\" data-elementor-id=\"7123\" class=\"elementor elementor-7123\" data-elementor-post-type=\"page\">\n\t\t\t\t<div class=\"elementor-element elementor-element-7e0a7b9d e-flex e-con-boxed e-con e-parent\" data-id=\"7e0a7b9d\" data-element_type=\"container\" data-settings=\"{&quot;background_background&quot;:&quot;classic&quot;}\">\n\t\t\t\t\t<div class=\"e-con-inner\">\n\t\t\t\t<div class=\"elementor-element elementor-element-1390b24f elementor-widget elementor-widget-shortcode\" data-id=\"1390b24f\" data-element_type=\"widget\" data-widget_type=\"shortcode.default\">\n\t\t\t\t<div class=\"elementor-widget-container\">\n\t\t\t\t\t<div class=\"elementor-shortcode\">\n<!-- Legal document generated by Complianz | GDPR\/CCPA Cookie Consent https:\/\/wordpress.org\/plugins\/complianz-gdpr -->\n<div id=\"cmplz-document\" class=\"cmplz-document disclaimer cmplz-document-all\"><p>NEROFERMENTO S.r.l. is committed to keeping this website up to date and accurate. Should you nevertheless encounter anything that is incorrect or out of date, we would appreciate it if you could let us know. Please indicate where on the website you read the information. We will then look at this as soon as possible. Please send your response by email to: &#105;nf&#111;&#064;nero&#102;&#101;r&#109;e&#110;&#116;o&#046;it.<\/p><p>Nous ne sommes pas responsables des pertes r\u00e9sultant d'inexactitudes ou d'incompl\u00e9tudes, ni des pertes r\u00e9sultant de probl\u00e8mes caus\u00e9s par ou inh\u00e9rents \u00e0 la diffusion d'informations par l'internet, tels que des perturbations ou des interruptions. Lors de l'utilisation de formulaires web, nous nous effor\u00e7ons de limiter au minimum le nombre de champs obligatoires. NEROFERMENTO S.r.l. d\u00e9cline toute responsabilit\u00e9 en cas de perte r\u00e9sultant de l'utilisation de donn\u00e9es, de conseils ou d'id\u00e9es fournis par ou au nom de NEROFERMENTO S.r.l. par l'interm\u00e9diaire de ce site Web.<\/p><p>Les r\u00e9ponses et les demandes relatives \u00e0 la protection de la vie priv\u00e9e envoy\u00e9es par courrier \u00e9lectronique ou \u00e0 l'aide d'un formulaire en ligne seront trait\u00e9es de la m\u00eame mani\u00e8re que les lettres. Cela signifie que vous pouvez vous attendre \u00e0 une r\u00e9ponse de notre part dans un d\u00e9lai d'un mois au plus tard. Dans le cas de demandes complexes, nous vous ferons savoir dans un d\u00e9lai d'un mois si nous avons besoin d'un maximum de trois mois.<\/p><p>Toutes les donn\u00e9es personnelles que vous nous fournissez dans le cadre de votre r\u00e9ponse ou de votre demande d'information ne seront utilis\u00e9es que conform\u00e9ment \u00e0 notre d\u00e9claration de confidentialit\u00e9.<\/p><p>NEROFERMENTO S.r.l. fera tous les efforts raisonnables pour prot\u00e9ger ses syst\u00e8mes contre toute forme d'utilisation illicite. NEROFERMENTO S.r.l. mettra en \u0153uvre les mesures techniques et organisationnelles appropri\u00e9es \u00e0 cette fin, en tenant compte, entre autres, de l'\u00e9tat de la technique. Toutefois, elle ne sera pas responsable de tout pr\u00e9judice, direct et\/ou indirect, subi par un utilisateur du site Web, qui r\u00e9sulterait de l'utilisation illicite de ses syst\u00e8mes par un tiers.<\/p><p>NEROFERMENTO S.r.l. d\u00e9cline toute responsabilit\u00e9 quant au contenu des sites Internet vers lesquels ou \u00e0 partir desquels un lien hypertexte ou une autre r\u00e9f\u00e9rence est \u00e9tabli. Les produits ou services offerts par des tiers sont soumis aux conditions applicables de ces tiers.<\/p><p>Tous les droits de propri\u00e9t\u00e9 intellectuelle sur le contenu de ce site sont d\u00e9tenus par NEROFERMENTO S.r.l..<\/p><p>La copie, la diffusion et toute autre utilisation de ce mat\u00e9riel sont interdites sans l'autorisation \u00e9crite de NEROFERMENTO S.r.l., sauf et seulement dans la mesure o\u00f9 des dispositions de droit imp\u00e9ratif le pr\u00e9voient (comme le droit de citation), \u00e0 moins qu'un contenu sp\u00e9cifique ne s'y oppose.<\/p><p>Si vous avez des questions ou des probl\u00e8mes concernant l'accessibilit\u00e9 du site web, n'h\u00e9sitez pas \u00e0 nous contacter.<\/p><\/div><\/div>\n\t\t\t\t<\/div>\n\t\t\t\t<\/div>\n\t\t\t\t\t<\/div>\n\t\t\t\t<\/div>\n\t\t\t\t<\/div>","protected":false},"excerpt":{"rendered":"","protected":false},"author":1,"featured_media":0,"parent":0,"menu_order":0,"comment_status":"closed","ping_status":"closed","template":"","meta":{"om_disable_all_campaigns":false,"_monsterinsights_skip_tracking":false,"_monsterinsights_sitenote_active":false,"_monsterinsights_sitenote_note":"","_monsterinsights_sitenote_category":0,"footnotes":""},"class_list":["post-7123","page","type-page","status-publish","hentry"],"aioseo_notices":[],"_links":{"self":[{"href":"https:\/\/www.nerofermento.it\/fr\/wp-json\/wp\/v2\/pages\/7123","targetHints":{"allow":["GET"]}}],"collection":[{"href":"https:\/\/www.nerofermento.it\/fr\/wp-json\/wp\/v2\/pages"}],"about":[{"href":"https:\/\/www.nerofermento.it\/fr\/wp-json\/wp\/v2\/types\/page"}],"author":[{"embeddable":true,"href":"https:\/\/www.nerofermento.it\/fr\/wp-json\/wp\/v2\/users\/1"}],"replies":[{"embeddable":true,"href":"https:\/\/www.nerofermento.it\/fr\/wp-json\/wp\/v2\/comments?post=7123"}],"version-history":[{"count":3,"href":"https:\/\/www.nerofermento.it\/fr\/wp-json\/wp\/v2\/pages\/7123\/revisions"}],"predecessor-version":[{"id":7144,"href":"https:\/\/www.nerofermento.it\/fr\/wp-json\/wp\/v2\/pages\/7123\/revisions\/7144"}],"wp:attachment":[{"href":"https:\/\/www.nerofermento.it\/fr\/wp-json\/wp\/v2\/media?parent=7123"}],"curies":[{"name":"wp","href":"https:\/\/api.w.org\/{rel}","templated":true}]}}