{"id":7122,"date":"2024-09-18T16:18:03","date_gmt":"2024-09-18T14:18:03","guid":{"rendered":"https:\/\/www.nerofermento.it\/imprint\/"},"modified":"2024-10-25T16:46:06","modified_gmt":"2024-10-25T14:46:06","slug":"imprint","status":"publish","type":"page","link":"https:\/\/www.nerofermento.it\/fr\/impression\/","title":{"rendered":"Impression"},"content":{"rendered":"<div data-elementor-type=\"wp-page\" data-elementor-id=\"7122\" class=\"elementor elementor-7122\" data-elementor-post-type=\"page\">\n\t\t\t\t<div class=\"elementor-element elementor-element-397678ce e-flex e-con-boxed e-con e-parent\" data-id=\"397678ce\" data-element_type=\"container\" data-settings=\"{&quot;background_background&quot;:&quot;classic&quot;}\">\n\t\t\t\t\t<div class=\"e-con-inner\">\n\t\t\t\t<div class=\"elementor-element elementor-element-27b95e3a elementor-widget elementor-widget-shortcode\" data-id=\"27b95e3a\" data-element_type=\"widget\" data-widget_type=\"shortcode.default\">\n\t\t\t\t<div class=\"elementor-widget-container\">\n\t\t\t\t\t<div class=\"elementor-shortcode\">\n<!-- Legal document generated by Complianz | GDPR\/CCPA Cookie Consent https:\/\/wordpress.org\/plugins\/complianz-gdpr -->\n<div id=\"cmplz-document\" class=\"cmplz-document impressum cmplz-document-all\"><p><i>La derni\u00e8re mise \u00e0 jour de ces mentions l\u00e9gales a eu lieu le 7 octobre 2024.<\/i><\/p><p class=\"cmplz-subtitle\">Le propri\u00e9taire de ce site web est :<\/p><p>NEROFERMENTO S.r.l. SRL<br>Via Romea Nord, 246, 48122 Ravenna RA, Italie<br>Italie<br>Email:&nbsp;inf&#111;&#064;&#110;er&#111;fer&#109;&#101;nt&#111;.i&#116;<br>Num\u00e9ro de t\u00e9l\u00e9phone : +393476025197<br>NUM\u00c9RO D'IDENTIFICATION TVA : 02582660391<\/p><h2>1. G\u00e9n\u00e9ralit\u00e9s<\/h2><p>Nous ne sommes pas dispos\u00e9s ou oblig\u00e9s de participer \u00e0 des proc\u00e9dures de r\u00e9solution des litiges devant une commission d'arbitrage des consommateurs.<\/p><h2>2. Les informations suivantes sont obligatoires en vertu de la loi allemande.<\/h2><\/div><\/div>\n\t\t\t\t<\/div>\n\t\t\t\t<\/div>\n\t\t\t\t\t<\/div>\n\t\t\t\t<\/div>\n\t\t\t\t<\/div>","protected":false},"excerpt":{"rendered":"","protected":false},"author":1,"featured_media":0,"parent":0,"menu_order":0,"comment_status":"closed","ping_status":"closed","template":"","meta":{"om_disable_all_campaigns":false,"_monsterinsights_skip_tracking":false,"_monsterinsights_sitenote_active":false,"_monsterinsights_sitenote_note":"","_monsterinsights_sitenote_category":0,"footnotes":""},"class_list":["post-7122","page","type-page","status-publish","hentry"],"aioseo_notices":[],"_links":{"self":[{"href":"https:\/\/www.nerofermento.it\/fr\/wp-json\/wp\/v2\/pages\/7122","targetHints":{"allow":["GET"]}}],"collection":[{"href":"https:\/\/www.nerofermento.it\/fr\/wp-json\/wp\/v2\/pages"}],"about":[{"href":"https:\/\/www.nerofermento.it\/fr\/wp-json\/wp\/v2\/types\/page"}],"author":[{"embeddable":true,"href":"https:\/\/www.nerofermento.it\/fr\/wp-json\/wp\/v2\/users\/1"}],"replies":[{"embeddable":true,"href":"https:\/\/www.nerofermento.it\/fr\/wp-json\/wp\/v2\/comments?post=7122"}],"version-history":[{"count":3,"href":"https:\/\/www.nerofermento.it\/fr\/wp-json\/wp\/v2\/pages\/7122\/revisions"}],"predecessor-version":[{"id":7150,"href":"https:\/\/www.nerofermento.it\/fr\/wp-json\/wp\/v2\/pages\/7122\/revisions\/7150"}],"wp:attachment":[{"href":"https:\/\/www.nerofermento.it\/fr\/wp-json\/wp\/v2\/media?parent=7122"}],"curies":[{"name":"wp","href":"https:\/\/api.w.org\/{rel}","templated":true}]}}