{"id":1166,"date":"2024-04-30T22:17:13","date_gmt":"2024-04-30T20:17:13","guid":{"rendered":"https:\/\/www.nerofermento.it\/?page_id=1166"},"modified":"2026-02-20T12:25:31","modified_gmt":"2026-02-20T11:25:31","slug":"dove-trovarci","status":"publish","type":"page","link":"https:\/\/www.nerofermento.it\/fr\/ou-nous-trouver\/","title":{"rendered":"O\u00f9 nous trouver"},"content":{"rendered":"<div data-elementor-type=\"wp-page\" data-elementor-id=\"1166\" class=\"elementor elementor-1166\" data-elementor-post-type=\"page\">\n\t\t\t\t<div class=\"elementor-element elementor-element-cb08baf e-flex e-con-boxed e-con e-parent\" data-id=\"cb08baf\" data-element_type=\"container\" data-settings=\"{&quot;background_background&quot;:&quot;classic&quot;}\">\n\t\t\t\t\t<div class=\"e-con-inner\">\n\t\t\t\t<div class=\"elementor-element elementor-element-3e52f02 elementor-widget elementor-widget-heading\" data-id=\"3e52f02\" data-element_type=\"widget\" data-widget_type=\"heading.default\">\n\t\t\t\t<div class=\"elementor-widget-container\">\n\t\t\t<h1 class=\"elementor-heading-title elementor-size-default\">O\u00d9 ACHETER DE L'AIL NOIR<\/h1>\t\t<\/div>\n\t\t\t\t<\/div>\n\t\t\t\t<div class=\"elementor-element elementor-element-a83e31b elementor-widget__width-initial elementor-widget elementor-widget-text-editor\" data-id=\"a83e31b\" data-element_type=\"widget\" data-widget_type=\"text-editor.default\">\n\t\t\t\t<div class=\"elementor-widget-container\">\n\t\t\t\t\t\t\t<h2 style=\"text-align: center;\"><strong>AIL NOIR \u00c0 VENDRE<\/strong><\/h2><p style=\"text-align: center;\">Voulez-vous acheter notre ail noir ? Nous sommes pr\u00e9sents dans <strong>de nombreux points de vente<\/strong> dans toute l'Italie et en ligne, pour vous offrir un maximum de commodit\u00e9 dans le choix de nos produits. Visitez les magasins partenaires ou <strong>explorer les plateformes en ligne<\/strong> pour trouver l'ail noir de NeroFermento, nous vous proposons un choix de <strong>ail noir \u00e0 vendre<\/strong>. D\u00e9couvrir <strong>O\u00f9 acheter de l'ail noir<\/strong> pour enrichir vos recettes avec la saveur incomparable et les propri\u00e9t\u00e9s b\u00e9n\u00e9fiques de notre produit.<\/p>\t\t\t\t\t\t<\/div>\n\t\t\t\t<\/div>\n\t\t\t\t\t<\/div>\n\t\t\t\t<\/div>\n\t\t<div class=\"elementor-element elementor-element-75521c0 e-con-full e-flex e-con e-parent\" data-id=\"75521c0\" data-element_type=\"container\" data-settings=\"{&quot;background_background&quot;:&quot;classic&quot;}\">\n\t\t\t\t<div class=\"elementor-element elementor-element-4664d71 elementor-widget elementor-widget-heading\" data-id=\"4664d71\" data-element_type=\"widget\" data-widget_type=\"heading.default\">\n\t\t\t\t<div class=\"elementor-widget-container\">\n\t\t\t<h2 class=\"elementor-heading-title elementor-size-default\">MAGASINS PHYSIQUES<\/h2>\t\t<\/div>\n\t\t\t\t<\/div>\n\t\t\t\t<div class=\"elementor-element elementor-element-01dc2eb elementor-widget elementor-widget-shortcode\" data-id=\"01dc2eb\" data-element_type=\"widget\" data-widget_type=\"shortcode.default\">\n\t\t\t\t<div class=\"elementor-widget-container\">\n\t\t\t\t\t<div class=\"elementor-shortcode\">\r\n            <style>.wpgmza_table_description { display: none; }<\/style>\r\n            \r\n            \r\n            <a name='map1'><\/a>\r\n            \r\n            \r\n            <div class=\"wpgmza-store-locator wpgmza_sl_main_div\" data-id=\"1\">\r\n\t<div class=\"wpgmza-address-container wpgmza-form-field wpgmza_sl_query_div\">\r\n\t\t<label class=\"wpgmza-address wpgmza-form-field__label wpgmza-form-field__label--float\" data-name=\"addressLabel\" for=\"addressInput_1\">Code Postal \/ Adresse<\/label>\r\n\t\t<input class=\"wpgmza-address addressInput\" type=\"text\" placeholder=\"Utilisez ma localisation\" autocomplete=\"off\" data-name=\"defaultAddress\" value=\"\" id=\"addressInput_1\" size=\"20\">\r\n\t<\/div>\r\n\t\r\n\t<div class=\"wpgmza-radius-container wpgmza-form-field wpgmza_sl_radius_div wpgmza-clearfix\">\r\n\t\t<label class=\"wpgmza-radius wpgmza-form-field__label wpgmza-form-field__label--float\" for=\"radiusSelect_1\">\r\n\t\t\tRayon\t\t<\/label>\r\n\t\t<select class=\"wpgmza-radius wpgmza-form-field__input wpgmza_sl_radius_select\" id=\"radiusSelect_1\"><option class=\"wpgmza-radius wpgmza_sl_select_option\" value=\"1\">1km<\/option><option class=\"wpgmza-radius wpgmza_sl_select_option\" value=\"5\">5km<\/option><option class=\"wpgmza-radius wpgmza_sl_select_option\" value=\"10\" selected>10 km<\/option><option class=\"wpgmza-radius wpgmza_sl_select_option\" value=\"25\">25 km<\/option><option class=\"wpgmza-radius wpgmza_sl_select_option\" value=\"50\">50 km<\/option><option class=\"wpgmza-radius wpgmza_sl_select_option\" value=\"75\">75 km<\/option><option class=\"wpgmza-radius wpgmza_sl_select_option\" value=\"100\">100 km<\/option><option class=\"wpgmza-radius wpgmza_sl_select_option\" value=\"150\">150 km<\/option><option class=\"wpgmza-radius wpgmza_sl_select_option\" value=\"200\">200 km<\/option><option class=\"wpgmza-radius wpgmza_sl_select_option\" value=\"300\">300 km<\/option><\/select>\r\n\t<\/div>\r\n\t\r\n\t<div class=\"wpgmza-search wpgmza_sl_search_button_div\"><input class=\"wpgmza-search wpgmza_sl_search_button_1\" value=\"Rechercher\" type=\"button\" onclick=\"searchLocations(1)\" mid=\"1\"><\/div>\r\n\t\r\n\t<div class=\"wpgmza-reset wpgmza_sl_reset_button_div\">\r\n\t<input class=\"wpgmza-reset wpgmza_sl_reset_button_1\" type=\"button\" value=\"Remise \u00e0 z\u00e9ro\" mid=\"1\" onclick=\"resetLocations(1)\">\r\n<\/div><div class=\"wpgmza-no-results wpgmza-not-found-msg js-not-found-msg\" style=\"display: none;\">\r\n\t\t<p data-name=\"notFoundMessage\">Aucun r\u00e9sultat n'a \u00e9t\u00e9 trouv\u00e9 \u00e0 cet endroit. Veuillez r\u00e9essayer.<\/p>\r\n\t<\/div>\r\n<\/div>\r\n            \r\n            <div class=\"wpgmza_map\"  id=\"wpgmza_map_1\" style=\"display:block; overflow:auto; width:100%; height:550px; float:left;\" data-settings='{\"id\":\"1\",\"map_title\":\"Dove Trovarci\",\"map_width\":\"100\",\"map_height\":\"550\",\"map_start_lat\":\"45.07392978721528\",\"map_start_lng\":\"10.694632545312523\",\"map_start_location\":\"45.950464398418106,-109.81550500000003\",\"map_start_zoom\":\"7\",\"default_marker\":\"\",\"type\":\"1\",\"alignment\":\"4\",\"directions_enabled\":\"0\",\"styling_enabled\":\"0\",\"styling_json\":\"\",\"active\":\"0\",\"kml\":\"\",\"bicycle\":\"0\",\"traffic\":\"0\",\"dbox\":\"1\",\"dbox_width\":\"\",\"listmarkers\":\"0\",\"listmarkers_advanced\":\"0\",\"filterbycat\":\"0\",\"ugm_enabled\":\"0\",\"ugm_category_enabled\":\"0\",\"fusion\":\"\",\"map_width_type\":\"%\",\"map_height_type\":\"px\",\"mass_marker_support\":\"0\",\"ugm_access\":\"0\",\"order_markers_by\":\"1\",\"order_markers_choice\":\"1\",\"show_user_location\":\"0\",\"default_to\":\"\",\"other_settings\":{\"map_type\":1,\"sl_stroke_color\":\"#000000\",\"sl_fill_color\":\"#000000\",\"sl_stroke_opacity\":\"\",\"sl_fill_opacity\":\"\",\"transport_layer\":false,\"action\":\"wpgmza_save_map\",\"redirect_to\":\"\\\/NEW\\\/wp-admin\\\/admin-post.php\",\"map_id\":\"1\",\"http_referer\":\"\\\/NeroFermento\\\/WP\\\/wp-admin\\\/admin.php?page=wp-google-maps-menu&amp;amp;wpsl-notice=key&amp;amp;_wpsl_notice_nonce=b0e2c27c89&amp;amp;action=edit&amp;amp;map_id=1\",\"wpgmza_id\":\"1\",\"wpgmza_start_location\":\"45.07392978721528,10.694632545312523\",\"wpgmza_start_zoom\":\"7\",\"wpgmza_theme_data\":\"\",\"store_locator_enabled\":true,\"store_locator_search_area\":\"auto\",\"wpgmza_store_locator_radius_style\":\"legacy\",\"wpgmza_store_locator_default_radius\":\"10\",\"store_locator_auto_area_max_zoom\":\"\",\"store_locator_distance\":false,\"wpgmza_store_locator_position\":false,\"store_locator_show_distance\":false,\"store_locator_category\":false,\"wpgmza_store_locator_use_their_location\":false,\"wpgmza_store_locator_bounce\":false,\"wpgmza_sl_animation\":\"0\",\"wpgmza_store_locator_hide_before_search\":false,\"store_locator_query_string\":\"\",\"store_locator_location_placeholder\":\"\",\"store_locator_default_address\":\"\",\"store_locator_name_search\":false,\"store_locator_name_string\":\"\",\"store_locator_not_found_message\":\"\",\"wpgmza_map_align\":\"1\",\"jump_to_nearest_marker_on_initialization\":false,\"automatically_pan_to_users_location\":false,\"override_users_location_zoom_level\":false,\"override_users_location_zoom_levels\":\"\",\"show_distance_from_location\":false,\"map_max_zoom\":\"21\",\"map_min_zoom\":\"0\",\"click_open_link\":false,\"fit_maps_bounds_to_markers\":false,\"fit_maps_bounds_to_markers_after_filtering\":false,\"hide_point_of_interest\":false,\"wpgmza_zoom_on_marker_click\":false,\"wpgmza_zoom_on_marker_click_slider\":\"\",\"close_infowindow_on_map_click\":false,\"disable_lightbox_images\":false,\"use_Raw_Jpeg_Coordinates\":false,\"polygon_labels\":false,\"disable_polygon_info_windows\":false,\"enable_marker_ratings\":false,\"only_load_markers_within_viewport\":false,\"iw_primary_color\":\"#000000\",\"iw_accent_color\":\"#000000\",\"iw_text_color\":\"#000000\",\"wpgmza_listmarkers_by\":\"7\",\"wpgmza_marker_listing_position\":false,\"wpgmza_push_in_map\":false,\"wpgmza_push_in_map_placement\":\"1\",\"wpgmza_push_in_map_width\":\"\",\"wpgmza_push_in_map_height\":\"\",\"zoom_level_on_marker_listing_override\":false,\"zoom_level_on_marker_listing_click\":\"\",\"marker_listing_disable_zoom\":false,\"datatable_no_result_message\":\"\",\"remove_search_box_datables\":false,\"dataTable_pagination_style\":\"default\",\"datatable_search_string\":\"\",\"datatable_result_start\":\"\",\"datatable_result_of\":\"\",\"datatable_result_to\":\"\",\"datatable_result_total\":\"\",\"datatable_result_show\":\"\",\"datatable_result_entries\":\"\",\"wpgmza_savemap\":\"Salva la Mappa \\u00bb\",\"wpgmza_dbox_width_type\":\"%\",\"default_from\":\"\",\"directions_behaviour\":\"default\",\"force_google_directions_app\":false,\"directions_route_origin_icon\":\"https:\\\/\\\/www.nerofermento.it\\\/wp-content\\\/plugins\\\/wp-google-maps\\\/images\\\/spotlight-poi3.png\",\"directions_origin_retina\":false,\"directions_route_destination_icon\":\"https:\\\/\\\/www.nerofermento.it\\\/wp-content\\\/plugins\\\/wp-google-maps\\\/images\\\/spotlight-poi3.png\",\"directions_destination_retina\":false,\"directions_route_stroke_color\":\"#4f8df5\",\"directions_route_stroke_weight\":\"4\",\"directions_route_stroke_opacity\":\"0.8\",\"directions_fit_bounds_to_route\":false,\"wpgmza_store_locator_restrict\":\"\",\"upload_default_sl_marker\":\"\",\"upload_default_sl_marker_retina\":false,\"retina\":false,\"upload_default_ul_marker\":\"\",\"upload_default_ul_marker_retina\":false,\"enable_advanced_custom_fields_integration\":false,\"enable_toolset_woocommerce_integration\":false,\"enable_woo_product_integration\":false,\"shortcodeAttributes\":{\"id\":\"1\"}}}' data-map-id='1' data-shortcode-attributes='{\"id\":\"1\"}'> <\/div>\r\n            \r\n            <div data-wpgmza-table data-wpgmza-php-class=\"WPGMZA\\MarkerListing\\Grid\" data-wpgmza-rest-api-route=\"\/marker-listing\/\" data-wpgmza-marker-listing=\"true\" class=\"wpgmza_marker_list_class wpgmza-marker-grid\" style=\"width:100%;\" data-wpgmza-ajax-parameters='{\"map_id\":\"1\"}' id=\"wpgmza_marker_list_1\"><\/div>   \r\n        <\/div>\n\t\t\t\t<\/div>\n\t\t\t\t<\/div>\n\t\t<div class=\"elementor-element elementor-element-cf86dac e-flex e-con-boxed e-con e-child\" data-id=\"cf86dac\" data-element_type=\"container\">\n\t\t\t\t\t<div class=\"e-con-inner\">\n\t\t<div class=\"elementor-element elementor-element-08e1aab e-con-full e-flex e-con e-child\" data-id=\"08e1aab\" data-element_type=\"container\">\n\t\t\t\t<div class=\"elementor-element elementor-element-6faab9c elementor-widget elementor-widget-image\" data-id=\"6faab9c\" data-element_type=\"widget\" data-widget_type=\"image.default\">\n\t\t\t\t<div class=\"elementor-widget-container\">\n\t\t\t\t\t\t\t\t\t\t\t\t\t<img decoding=\"async\" width=\"27\" height=\"37\" src=\"https:\/\/www.nerofermento.it\/wp-content\/uploads\/2024\/06\/pinr-custom_1.png\" class=\"attachment-full size-full wp-image-6832\" alt=\"vente d&#039;ail noir position de couleur pourpre\" srcset=\"https:\/\/www.nerofermento.it\/wp-content\/uploads\/2024\/06\/pinr-custom_1.png 27w, https:\/\/www.nerofermento.it\/wp-content\/uploads\/2024\/06\/pinr-custom_1-9x12.png 9w\" sizes=\"(max-width: 27px) 100vw, 27px\" \/>\t\t\t\t\t\t\t\t\t\t\t\t\t<\/div>\n\t\t\t\t<\/div>\n\t\t\t\t<div class=\"elementor-element elementor-element-1921d1c elementor-widget elementor-widget-text-editor\" data-id=\"1921d1c\" data-element_type=\"widget\" data-widget_type=\"text-editor.default\">\n\t\t\t\t<div class=\"elementor-widget-container\">\n\t\t\t\t\t\t\t<p><span style=\"color: #000000;\"><a style=\"color: #000000;\" href=\"https:\/\/www.nerofermento.it\/fr\/noir-de-voghiera\/\">Nero di Voghiera<\/a><\/span><\/p>\t\t\t\t\t\t<\/div>\n\t\t\t\t<\/div>\n\t\t\t\t<\/div>\n\t\t<div class=\"elementor-element elementor-element-04cef71 e-con-full e-flex e-con e-child\" data-id=\"04cef71\" data-element_type=\"container\">\n\t\t\t\t<div class=\"elementor-element elementor-element-d3cdf9a elementor-widget elementor-widget-image\" data-id=\"d3cdf9a\" data-element_type=\"widget\" data-widget_type=\"image.default\">\n\t\t\t\t<div class=\"elementor-widget-container\">\n\t\t\t\t\t\t\t\t\t\t\t\t\t<img decoding=\"async\" width=\"27\" height=\"37\" src=\"https:\/\/www.nerofermento.it\/wp-content\/uploads\/2024\/06\/pinr-tiny.png\" class=\"attachment-full size-full wp-image-6831\" alt=\"ail noir \u00e0 vendre o\u00f9 nous trouver vert\" \/>\t\t\t\t\t\t\t\t\t\t\t\t\t<\/div>\n\t\t\t\t<\/div>\n\t\t\t\t<div class=\"elementor-element elementor-element-d3eda8b elementor-widget elementor-widget-text-editor\" data-id=\"d3eda8b\" data-element_type=\"widget\" data-widget_type=\"text-editor.default\">\n\t\t\t\t<div class=\"elementor-widget-container\">\n\t\t\t\t\t\t\t<p><span style=\"color: #000000;\"><a style=\"color: #000000;\" href=\"https:\/\/www.nerofermento.it\/fr\/ail-noir-bio-3-2\/\">Noir&amp;Bio<\/a><\/span><\/p>\t\t\t\t\t\t<\/div>\n\t\t\t\t<\/div>\n\t\t\t\t<\/div>\n\t\t<div class=\"elementor-element elementor-element-c5b7e49 e-con-full elementor-hidden-desktop elementor-hidden-tablet elementor-hidden-mobile e-flex e-con e-child\" data-id=\"c5b7e49\" data-element_type=\"container\">\n\t\t\t\t<div class=\"elementor-element elementor-element-5876393 elementor-widget elementor-widget-image\" data-id=\"5876393\" data-element_type=\"widget\" data-widget_type=\"image.default\">\n\t\t\t\t<div class=\"elementor-widget-container\">\n\t\t\t\t\t\t\t\t\t\t\t\t\t<img decoding=\"async\" src=\"https:\/\/www.nerofermento.it\/wp-content\/uploads\/elementor\/thumbs\/pinr-custom2-e1771586910115-rjfie3p4kebpdgov7wkzxopwpam4jhimdj9c1h2bzm.png\" title=\"pinr-custom2\" alt=\"pinr-custom2\" loading=\"lazy\" \/>\t\t\t\t\t\t\t\t\t\t\t\t\t<\/div>\n\t\t\t\t<\/div>\n\t\t\t\t<div class=\"elementor-element elementor-element-b86db9d elementor-widget elementor-widget-text-editor\" data-id=\"b86db9d\" data-element_type=\"widget\" data-widget_type=\"text-editor.default\">\n\t\t\t\t<div class=\"elementor-widget-container\">\n\t\t\t\t\t\t\t<p><span style=\"color: #000000;\">Aglio Nero<\/span><\/p>\t\t\t\t\t\t<\/div>\n\t\t\t\t<\/div>\n\t\t\t\t<\/div>\n\t\t\t\t\t<\/div>\n\t\t\t\t<\/div>\n\t\t\t\t<div class=\"elementor-element elementor-element-9e6084c elementor-widget__width-initial elementor-widget elementor-widget-heading\" data-id=\"9e6084c\" data-element_type=\"widget\" data-widget_type=\"heading.default\">\n\t\t\t\t<div class=\"elementor-widget-container\">\n\t\t\t<h2 class=\"elementor-heading-title elementor-size-default\">VOUS \u00caTES UN MAGASIN ET VOUS AVEZ D\u00c9J\u00c0 NOTRE AIL NOIR ?<\/h2>\t\t<\/div>\n\t\t\t\t<\/div>\n\t\t\t\t<div class=\"elementor-element elementor-element-5ac0a6e elementor-align-center elementor-widget elementor-widget-button\" data-id=\"5ac0a6e\" data-element_type=\"widget\" data-widget_type=\"button.default\">\n\t\t\t\t<div class=\"elementor-widget-container\">\n\t\t\t\t\t<div class=\"elementor-button-wrapper\">\n\t\t\t<a class=\"elementor-button elementor-button-link elementor-size-sm elementor-animation-grow\" href=\"https:\/\/www.nerofermento.it\/fr\/pour-les-entreprises\/#perleaziende\">\n\t\t\t\t\t\t<span class=\"elementor-button-content-wrapper\">\n\t\t\t\t\t\t\t\t\t<span class=\"elementor-button-text\">CONTACTEZ-NOUS<\/span>\n\t\t\t\t\t<\/span>\n\t\t\t\t\t<\/a>\n\t\t<\/div>\n\t\t\t\t<\/div>\n\t\t\t\t<\/div>\n\t\t\t\t<\/div>\n\t\t<div class=\"elementor-element elementor-element-bb095d7 e-flex e-con-boxed e-con e-parent\" data-id=\"bb095d7\" data-element_type=\"container\" data-settings=\"{&quot;background_background&quot;:&quot;classic&quot;}\">\n\t\t\t\t\t<div class=\"e-con-inner\">\n\t\t\t\t<div class=\"elementor-element elementor-element-888739a elementor-widget elementor-widget-heading\" data-id=\"888739a\" data-element_type=\"widget\" data-widget_type=\"heading.default\">\n\t\t\t\t<div class=\"elementor-widget-container\">\n\t\t\t<h2 class=\"elementor-heading-title elementor-size-default\">BOUTIQUES EN LIGNE B2C<\/h2>\t\t<\/div>\n\t\t\t\t<\/div>\n\t\t<div class=\"elementor-element elementor-element-4627395 e-flex e-con-boxed e-con e-child\" data-id=\"4627395\" data-element_type=\"container\">\n\t\t\t\t\t<div class=\"e-con-inner\">\n\t\t\t\t<div class=\"elementor-element elementor-element-e5a1db1 elementor-widget elementor-widget-image\" data-id=\"e5a1db1\" data-element_type=\"widget\" data-widget_type=\"image.default\">\n\t\t\t\t<div class=\"elementor-widget-container\">\n\t\t\t\t\t\t\t\t\t\t\t\t\t\t<a href=\"https:\/\/www.amazon.it\/stores\/NEROFERMENTO\/page\/258C48CB-A68D-4848-B75B-20F4D75DFD25\" target=\"_blank\">\n\t\t\t\t\t\t\t<img decoding=\"async\" src=\"https:\/\/www.nerofermento.it\/wp-content\/uploads\/elementor\/thumbs\/amazon-200x133_2-qudixt4bssoakfm0uk5ag7d9466obcipiaes2z8r9w.jpg\" title=\"amazon-200x133_2\" alt=\"ail noir en vente sur amazon\" loading=\"lazy\" \/>\t\t\t\t\t\t\t\t<\/a>\n\t\t\t\t\t\t\t\t\t\t\t\t\t<\/div>\n\t\t\t\t<\/div>\n\t\t\t\t<div class=\"elementor-element elementor-element-c39ce43 elementor-widget elementor-widget-image\" data-id=\"c39ce43\" data-element_type=\"widget\" data-widget_type=\"image.default\">\n\t\t\t\t<div class=\"elementor-widget-container\">\n\t\t\t\t\t\t\t\t\t\t\t\t\t\t<a href=\"https:\/\/www.topfooditaly.net\/aglio-nero-da-aglio-di-voghiera-dop\/\" target=\"_blank\">\n\t\t\t\t\t\t\t<img decoding=\"async\" src=\"https:\/\/www.nerofermento.it\/wp-content\/uploads\/elementor\/thumbs\/topfood-1-qudixt4bssoakfm0uk5ag7d9466obcipiaes2z8r9w.jpg\" title=\"topfood\" alt=\"logo de l&#039;ail noir avec argot\" loading=\"lazy\" \/>\t\t\t\t\t\t\t\t<\/a>\n\t\t\t\t\t\t\t\t\t\t\t\t\t<\/div>\n\t\t\t\t<\/div>\n\t\t\t\t\t<\/div>\n\t\t\t\t<\/div>\n\t\t\t\t\t<\/div>\n\t\t\t\t<\/div>\n\t\t<div class=\"elementor-element elementor-element-09a0da3 e-flex e-con-boxed e-con e-parent\" data-id=\"09a0da3\" data-element_type=\"container\" data-settings=\"{&quot;background_background&quot;:&quot;classic&quot;}\">\n\t\t\t\t\t<div class=\"e-con-inner\">\n\t\t\t\t<div class=\"elementor-element elementor-element-15725c2 elementor-widget elementor-widget-heading\" data-id=\"15725c2\" data-element_type=\"widget\" data-widget_type=\"heading.default\">\n\t\t\t\t<div class=\"elementor-widget-container\">\n\t\t\t<h2 class=\"elementor-heading-title elementor-size-default\">BOUTIQUES EN LIGNE B2B<\/h2>\t\t<\/div>\n\t\t\t\t<\/div>\n\t\t<div class=\"elementor-element elementor-element-9fdca30 e-flex e-con-boxed e-con e-child\" data-id=\"9fdca30\" data-element_type=\"container\">\n\t\t\t\t\t<div class=\"e-con-inner\">\n\t\t\t\t<div class=\"elementor-element elementor-element-5317aaf elementor-widget elementor-widget-image\" data-id=\"5317aaf\" data-element_type=\"widget\" data-widget_type=\"image.default\">\n\t\t\t\t<div class=\"elementor-widget-container\">\n\t\t\t\t\t\t\t\t\t\t\t\t\t\t<a href=\"https:\/\/foodigitaly.it\/nerofermento-s-r-l\/\" target=\"_blank\">\n\t\t\t\t\t\t\t<img decoding=\"async\" src=\"https:\/\/www.nerofermento.it\/wp-content\/uploads\/elementor\/thumbs\/FooDIGITALY_-1972-434-2-qudixu25zmpkw1knp2jx0p4ppk21j1mfuf29k97d3o.jpg\" title=\"FooDIGITALY_-1972-434 (2\" alt=\"recettes \u00e0 l&#039;ail noir fooDIGITALY\" loading=\"lazy\" \/>\t\t\t\t\t\t\t\t<\/a>\n\t\t\t\t\t\t\t\t\t\t\t\t\t<\/div>\n\t\t\t\t<\/div>\n\t\t\t\t\t<\/div>\n\t\t\t\t<\/div>\n\t\t\t\t\t<\/div>\n\t\t\t\t<\/div>\n\t\t<div class=\"elementor-element elementor-element-2b1e375 e-flex e-con-boxed e-con e-parent\" data-id=\"2b1e375\" data-element_type=\"container\" data-settings=\"{&quot;background_background&quot;:&quot;classic&quot;}\">\n\t\t\t\t\t<div class=\"e-con-inner\">\n\t\t\t\t<div class=\"elementor-element elementor-element-8f563c8 elementor-widget__width-initial elementor-widget elementor-widget-heading\" data-id=\"8f563c8\" data-element_type=\"widget\" data-widget_type=\"heading.default\">\n\t\t\t\t<div class=\"elementor-widget-container\">\n\t\t\t<h2 class=\"elementor-heading-title elementor-size-default\">VOUS SOUHAITEZ DEVENIR L'UN DE NOS DISTRIBUTEURS ?<\/h2>\t\t<\/div>\n\t\t\t\t<\/div>\n\t\t\t\t<div class=\"elementor-element elementor-element-f647c2d elementor-align-center elementor-widget elementor-widget-button\" data-id=\"f647c2d\" data-element_type=\"widget\" data-widget_type=\"button.default\">\n\t\t\t\t<div class=\"elementor-widget-container\">\n\t\t\t\t\t<div class=\"elementor-button-wrapper\">\n\t\t\t<a class=\"elementor-button elementor-button-link elementor-size-sm elementor-animation-grow\" href=\"https:\/\/www.nerofermento.it\/fr\/pour-les-entreprises\/\">\n\t\t\t\t\t\t<span class=\"elementor-button-content-wrapper\">\n\t\t\t\t\t\t\t\t\t<span class=\"elementor-button-text\">CONTACTEZ-NOUS<\/span>\n\t\t\t\t\t<\/span>\n\t\t\t\t\t<\/a>\n\t\t<\/div>\n\t\t\t\t<\/div>\n\t\t\t\t<\/div>\n\t\t\t\t\t<\/div>\n\t\t\t\t<\/div>\n\t\t\t\t<\/div>","protected":false},"excerpt":{"rendered":"<p>O\u00d9 ACHETER L'AIL NOIR Voulez-vous acheter notre ail noir ? Nous sommes pr\u00e9sents dans de nombreux magasins en Italie et en ligne, pour vous offrir un maximum de commodit\u00e9 dans le choix de nos produits. Visitez nos magasins partenaires ou explorez nos plateformes en ligne pour trouver l'ail noir NeroFermento, nous vous offrons la possibilit\u00e9 de choisir [...]<\/p>","protected":false},"author":1,"featured_media":0,"parent":0,"menu_order":0,"comment_status":"closed","ping_status":"closed","template":"","meta":{"om_disable_all_campaigns":false,"_monsterinsights_skip_tracking":false,"_monsterinsights_sitenote_active":false,"_monsterinsights_sitenote_note":"","_monsterinsights_sitenote_category":0,"footnotes":""},"class_list":["post-1166","page","type-page","status-publish","hentry"],"aioseo_notices":[],"_links":{"self":[{"href":"https:\/\/www.nerofermento.it\/fr\/wp-json\/wp\/v2\/pages\/1166","targetHints":{"allow":["GET"]}}],"collection":[{"href":"https:\/\/www.nerofermento.it\/fr\/wp-json\/wp\/v2\/pages"}],"about":[{"href":"https:\/\/www.nerofermento.it\/fr\/wp-json\/wp\/v2\/types\/page"}],"author":[{"embeddable":true,"href":"https:\/\/www.nerofermento.it\/fr\/wp-json\/wp\/v2\/users\/1"}],"replies":[{"embeddable":true,"href":"https:\/\/www.nerofermento.it\/fr\/wp-json\/wp\/v2\/comments?post=1166"}],"version-history":[{"count":107,"href":"https:\/\/www.nerofermento.it\/fr\/wp-json\/wp\/v2\/pages\/1166\/revisions"}],"predecessor-version":[{"id":8081,"href":"https:\/\/www.nerofermento.it\/fr\/wp-json\/wp\/v2\/pages\/1166\/revisions\/8081"}],"wp:attachment":[{"href":"https:\/\/www.nerofermento.it\/fr\/wp-json\/wp\/v2\/media?parent=1166"}],"curies":[{"name":"wp","href":"https:\/\/api.w.org\/{rel}","templated":true}]}}