{"id":1129,"date":"2024-04-30T21:47:16","date_gmt":"2024-04-30T19:47:16","guid":{"rendered":"https:\/\/www.nerofermento.it\/?page_id=1129"},"modified":"2025-02-18T10:56:22","modified_gmt":"2025-02-18T09:56:22","slug":"aglio-nero-3","status":"publish","type":"page","link":"https:\/\/www.nerofermento.it\/fr\/ail-noir-3\/","title":{"rendered":"Aglio Nero"},"content":{"rendered":"<div data-elementor-type=\"wp-page\" data-elementor-id=\"1129\" class=\"elementor elementor-1129\" data-elementor-post-type=\"page\">\n\t\t\t\t<div class=\"elementor-element elementor-element-8e2c9f4 e-flex e-con-boxed e-con e-parent\" data-id=\"8e2c9f4\" data-element_type=\"container\" data-settings=\"{&quot;background_background&quot;:&quot;classic&quot;}\">\n\t\t\t\t\t<div class=\"e-con-inner\">\n\t\t\t\t<div class=\"elementor-element elementor-element-a27f9b2 elementor-absolute elementor-widget elementor-widget-text-editor\" data-id=\"a27f9b2\" data-element_type=\"widget\" data-settings=\"{&quot;_position&quot;:&quot;absolute&quot;}\" data-widget_type=\"text-editor.default\">\n\t\t\t\t<div class=\"elementor-widget-container\">\n\t\t\t\t\t\t\t<p><span style=\"font-size: 10pt;\"><span style=\"color: #999999;\">Produits \/<\/span> <strong>Aglio Nero<\/strong><\/span><\/p>\t\t\t\t\t\t<\/div>\n\t\t\t\t<\/div>\n\t\t\t\t<div class=\"elementor-element elementor-element-9112277 elementor-widget elementor-widget-heading\" data-id=\"9112277\" data-element_type=\"widget\" data-widget_type=\"heading.default\">\n\t\t\t\t<div class=\"elementor-widget-container\">\n\t\t\t<h1 class=\"elementor-heading-title elementor-size-default\">AIL NOIR<\/h1>\t\t<\/div>\n\t\t\t\t<\/div>\n\t\t\t\t<div class=\"elementor-element elementor-element-f7eab98 elementor-widget__width-initial elementor-widget elementor-widget-text-editor\" data-id=\"f7eab98\" data-element_type=\"widget\" data-widget_type=\"text-editor.default\">\n\t\t\t\t<div class=\"elementor-widget-container\">\n\t\t\t\t\t\t\t<p style=\"text-align: center;\"><strong>Ail noir de NeroFermento<\/strong> provient de l'excellence de l'ail Voghiera D.O.P., r\u00e9put\u00e9 pour sa fra\u00eecheur et sa qualit\u00e9 sup\u00e9rieures. Gr\u00e2ce \u00e0 un processus pr\u00e9cis de <strong>fermentation naturelle<\/strong>l'ar\u00f4me intense de l'ail traditionnel est att\u00e9nu\u00e9, ce qui conf\u00e8re aux gousses une saveur douce et d\u00e9licate. Les notes de r\u00e9glisse, de vinaigre balsamique et de pruneau en font un ingr\u00e9dient unique et polyvalent, id\u00e9al pour enrichir diverses pr\u00e9parations culinaires.<\/p>\t\t\t\t\t\t<\/div>\n\t\t\t\t<\/div>\n\t\t\t\t\t<\/div>\n\t\t\t\t<\/div>\n\t\t<div class=\"elementor-element elementor-element-b3ce731 e-con-full e-flex e-con e-parent\" data-id=\"b3ce731\" data-element_type=\"container\" data-settings=\"{&quot;background_background&quot;:&quot;slideshow&quot;,&quot;background_slideshow_gallery&quot;:[{&quot;id&quot;:422,&quot;url&quot;:&quot;https:\\\/\\\/www.nerofermento.it\\\/wp-content\\\/uploads\\\/2024\\\/02\\\/cover_AGLIONERO.jpg&quot;}],&quot;background_slideshow_slide_duration&quot;:5000,&quot;background_slideshow_slide_transition&quot;:&quot;fade&quot;,&quot;background_slideshow_transition_duration&quot;:500}\">\n\t\t\t\t<\/div>\n\t\t<div class=\"elementor-element elementor-element-5d9b4c5 e-flex e-con-boxed e-con e-parent\" data-id=\"5d9b4c5\" data-element_type=\"container\" data-settings=\"{&quot;background_background&quot;:&quot;classic&quot;}\">\n\t\t\t\t\t<div class=\"e-con-inner\">\n\t\t<div class=\"elementor-element elementor-element-1ed2ad0 e-flex e-con-boxed e-con e-child\" data-id=\"1ed2ad0\" data-element_type=\"container\">\n\t\t\t\t\t<div class=\"e-con-inner\">\n\t\t\t\t<div class=\"elementor-element elementor-element-4ae5421 elementor-widget__width-initial elementor-widget elementor-widget-text-editor\" data-id=\"4ae5421\" data-element_type=\"widget\" data-widget_type=\"text-editor.default\">\n\t\t\t\t<div class=\"elementor-widget-container\">\n\t\t\t\t\t\t\t<h3><strong>AIL NOIR: L'EXCELLENCE \u00c0 LA PORT\u00c9E DE TOUS<\/strong><\/h3>\t\t\t\t\t\t<\/div>\n\t\t\t\t<\/div>\n\t\t\t\t<div class=\"elementor-element elementor-element-63beac6 elementor-widget__width-initial elementor-widget elementor-widget-text-editor\" data-id=\"63beac6\" data-element_type=\"widget\" data-widget_type=\"text-editor.default\">\n\t\t\t\t<div class=\"elementor-widget-container\">\n\t\t\t\t\t\t\t<p>Cette ligne est con\u00e7ue pour les points de vente de toutes tailles, du plus petit au plus grand. <strong>fruits et l\u00e9gumes<\/strong> \u00e0 <strong>la grande distribution<\/strong>. Obtenu \u00e0 partir de l'ail Voghiera D.O.P., synonyme de qualit\u00e9 et de d\u00e9licatesse, il est propos\u00e9 exclusivement en bulbes : un must pour votre garde-manger.<\/p><p>Le produit est fourni dans des bo\u00eetes\/distributeurs con\u00e7us pour \u00eatre plac\u00e9s directement sur le comptoir.<\/p><p><strong>Ce type d'ail allie tradition et innovation<\/strong>Il en r\u00e9sulte un produit d'un \u00e9quilibre parfait qui rehausse chaque plat avec \u00e9l\u00e9gance et intensit\u00e9.<\/p>\t\t\t\t\t\t<\/div>\n\t\t\t\t<\/div>\n\t\t\t\t<div class=\"elementor-element elementor-element-69ce368 elementor-widget elementor-widget-button\" data-id=\"69ce368\" data-element_type=\"widget\" data-widget_type=\"button.default\">\n\t\t\t\t<div class=\"elementor-widget-container\">\n\t\t\t\t\t<div class=\"elementor-button-wrapper\">\n\t\t\t<a class=\"elementor-button elementor-button-link elementor-size-sm elementor-animation-grow\" href=\"https:\/\/www.nerofermento.it\/fr\/laglio-noir\/#dietaallday\">\n\t\t\t\t\t\t<span class=\"elementor-button-content-wrapper\">\n\t\t\t\t\t\t\t\t\t<span class=\"elementor-button-text\">D\u00c9COUVREZ LES BIENFAITS POUR LA SANT\u00c9<\/span>\n\t\t\t\t\t<\/span>\n\t\t\t\t\t<\/a>\n\t\t<\/div>\n\t\t\t\t<\/div>\n\t\t\t\t<\/div>\n\t\t\t\t\t<\/div>\n\t\t\t\t<\/div>\n\t\t<div class=\"elementor-element elementor-element-9c0ccf2 e-flex e-con-boxed e-con e-child\" data-id=\"9c0ccf2\" data-element_type=\"container\">\n\t\t\t\t\t<div class=\"e-con-inner\">\n\t\t<div class=\"elementor-element elementor-element-94b59cc e-con-full e-flex e-con e-child\" data-id=\"94b59cc\" data-element_type=\"container\" data-settings=\"{&quot;background_background&quot;:&quot;classic&quot;}\">\n\t\t\t\t<div class=\"elementor-element elementor-element-5998cea elementor-widget elementor-widget-spacer\" data-id=\"5998cea\" data-element_type=\"widget\" data-widget_type=\"spacer.default\">\n\t\t\t\t<div class=\"elementor-widget-container\">\n\t\t\t\t\t<div class=\"elementor-spacer\">\n\t\t\t<div class=\"elementor-spacer-inner\"><\/div>\n\t\t<\/div>\n\t\t\t\t<\/div>\n\t\t\t\t<\/div>\n\t\t\t\t<\/div>\n\t\t\t\t\t<\/div>\n\t\t\t\t<\/div>\n\t\t\t\t\t<\/div>\n\t\t\t\t<\/div>\n\t\t<div class=\"elementor-element elementor-element-58e55a2 e-flex e-con-boxed e-con e-parent\" data-id=\"58e55a2\" data-element_type=\"container\" data-settings=\"{&quot;background_background&quot;:&quot;classic&quot;}\">\n\t\t\t\t\t<div class=\"e-con-inner\">\n\t\t\t\t<div class=\"elementor-element elementor-element-2559d6d elementor-widget elementor-widget-heading\" data-id=\"2559d6d\" data-element_type=\"widget\" data-widget_type=\"heading.default\">\n\t\t\t\t<div class=\"elementor-widget-container\">\n\t\t\t<h2 class=\"elementor-heading-title elementor-size-default\">PRODUITS<\/h2>\t\t<\/div>\n\t\t\t\t<\/div>\n\t\t\t\t<div class=\"elementor-element elementor-element-bf5d5b8 elementor-grid-2 elementor-widget-tablet__width-initial elementor-widget__width-initial elementor-grid-tablet-2 elementor-grid-mobile-1 elementor-widget elementor-widget-loop-grid\" data-id=\"bf5d5b8\" data-element_type=\"widget\" data-settings=\"{&quot;template_id&quot;:&quot;1132&quot;,&quot;columns&quot;:2,&quot;_skin&quot;:&quot;post&quot;,&quot;columns_tablet&quot;:&quot;2&quot;,&quot;columns_mobile&quot;:&quot;1&quot;,&quot;edit_handle_selector&quot;:&quot;[data-elementor-type=\\&quot;loop-item\\&quot;]&quot;,&quot;row_gap&quot;:{&quot;unit&quot;:&quot;px&quot;,&quot;size&quot;:&quot;&quot;,&quot;sizes&quot;:[]},&quot;row_gap_tablet&quot;:{&quot;unit&quot;:&quot;px&quot;,&quot;size&quot;:&quot;&quot;,&quot;sizes&quot;:[]},&quot;row_gap_mobile&quot;:{&quot;unit&quot;:&quot;px&quot;,&quot;size&quot;:&quot;&quot;,&quot;sizes&quot;:[]}}\" data-widget_type=\"loop-grid.post\">\n\t\t\t\t<div class=\"elementor-widget-container\">\n\t\t\t\t\t<div class=\"elementor-loop-container elementor-grid\">\n\t\t<style id=\"loop-1132\">.elementor-1132 .elementor-element.elementor-element-88b269d{--display:flex;--gap:0px 0px;--background-transition:0.3s;border-style:none;--border-style:none;--margin-top:0px;--margin-bottom:0px;--margin-left:0px;--margin-right:0px;--padding-top:0px;--padding-bottom:0px;--padding-left:0px;--padding-right:0px;}.elementor-1132 .elementor-element.elementor-element-88b269d, .elementor-1132 .elementor-element.elementor-element-88b269d::before{--border-transition:0.3s;}.elementor-1132 .elementor-element.elementor-element-885c22e{--display:flex;--background-transition:0.3s;--border-radius:20px 20px 20px 20px;--margin-top:0px;--margin-bottom:0px;--margin-left:0px;--margin-right:0px;--padding-top:0px;--padding-bottom:0px;--padding-left:0px;--padding-right:0px;}.elementor-1132 .elementor-element.elementor-element-885c22e:not(.elementor-motion-effects-element-type-background), .elementor-1132 .elementor-element.elementor-element-885c22e > .elementor-motion-effects-container > .elementor-motion-effects-layer{background-color:#000000;}.elementor-1132 .elementor-element.elementor-element-885c22e, .elementor-1132 .elementor-element.elementor-element-885c22e::before{--border-transition:0.3s;}.elementor-1132 .elementor-element.elementor-element-8b15d31{--display:flex;--background-transition:0.3s;--border-radius:20px 20px 0px 0px;--margin-top:0px;--margin-bottom:0px;--margin-left:0px;--margin-right:0px;--padding-top:15px;--padding-bottom:15px;--padding-left:15px;--padding-right:15px;}.elementor-1132 .elementor-element.elementor-element-8b15d31:not(.elementor-motion-effects-element-type-background), .elementor-1132 .elementor-element.elementor-element-8b15d31 > .elementor-motion-effects-container > .elementor-motion-effects-layer{background-color:#FFFFFF;}.elementor-1132 .elementor-element.elementor-element-8b15d31, .elementor-1132 .elementor-element.elementor-element-8b15d31::before{--border-transition:0.3s;}.elementor-1132 .elementor-element.elementor-element-502aa45{text-align:center;}.elementor-1132 .elementor-element.elementor-element-502aa45 .elementor-heading-title{color:#FFFFFF;font-size:18px;font-weight:700;}.elementor-1132 .elementor-element.elementor-element-502aa45 > .elementor-widget-container{margin:5px 5px 0px 5px;}.elementor-1132 .elementor-element.elementor-element-7541705{text-align:center;}.elementor-1132 .elementor-element.elementor-element-7541705 .elementor-heading-title{color:#FFFFFF;font-family:\"Commissioner\", Sans-serif;font-size:14px;font-weight:400;}.elementor-1132 .elementor-element.elementor-element-7541705 > .elementor-widget-container{margin:-10px 8px 0px 8px;}.elementor-1132 .elementor-element.elementor-element-6f3b292{text-align:center;}.elementor-1132 .elementor-element.elementor-element-6f3b292 .elementor-heading-title{color:#FFFFFF;font-family:\"Commissioner\", Sans-serif;font-size:14px;font-weight:400;line-height:16px;}.elementor-1132 .elementor-element.elementor-element-6f3b292 > .elementor-widget-container{margin:-10px 8px 5px 8px;}.elementor-1132 .elementor-element.elementor-element-4fed86f .elementor-button{font-size:14px;fill:#000000;color:#000000;background-color:#FFFFFF;}.elementor-1132 .elementor-element.elementor-element-4fed86f > .elementor-widget-container{margin:0px 0px 0px 0px;}.elementor-1132 .elementor-element.elementor-element-2420c02 .elementor-button-content-wrapper{flex-direction:row-reverse;}.elementor-1132 .elementor-element.elementor-element-2420c02 .elementor-button{background-color:#FFFFFF00;border-style:none;border-radius:0px 0px 0px 0px;padding:10px 0px 10px 0px;}.elementor-1132 .elementor-element.elementor-element-2420c02 > .elementor-widget-container{margin:-5px 0px 15px 0px;}@media(min-width:768px){.elementor-1132 .elementor-element.elementor-element-88b269d{--content-width:260px;}}\/* Start custom CSS for heading, class: .elementor-element-6f3b292 *\/.elementor-1132 .elementor-element.elementor-element-6f3b292 {\n    min-height: 80px;\n    height: 100%;\n}\/* End custom CSS *\/\n\/* Start custom CSS for button, class: .elementor-element-2420c02 *\/.elementor-1132 .elementor-element.elementor-element-2420c02 .elementor-button-icon.elementor-align-icon-right svg {\n    transform: rotate(-45deg);\n}\/* End custom CSS *\/\n\/* Start custom CSS for container, class: .elementor-element-88b269d *\/.elementor-1132 .elementor-element.elementor-element-88b269d {\n    max-width: 380px !important;\n}\/* End custom CSS *\/<\/style>\t\t<div data-elementor-type=\"loop-item\" data-elementor-id=\"1132\" class=\"elementor elementor-1132 e-loop-item e-loop-item-1136 post-1136 prodotto type-prodotto status-publish format-standard has-post-thumbnail hentry categoria_prodotti-aglio-nero-en-it\" data-elementor-post-type=\"elementor_library\" data-custom-edit-handle=\"1\">\n\t\t\t<div class=\"elementor-element elementor-element-88b269d e-flex e-con-boxed e-con e-child\" data-id=\"88b269d\" data-element_type=\"container\" data-settings=\"{&quot;background_background&quot;:&quot;classic&quot;}\">\n\t\t\t\t\t<div class=\"e-con-inner\">\n\t\t<div class=\"elementor-element elementor-element-885c22e corpus e-flex e-con-boxed e-con e-child\" data-id=\"885c22e\" data-element_type=\"container\" data-settings=\"{&quot;background_background&quot;:&quot;classic&quot;}\">\n\t\t\t\t\t<div class=\"e-con-inner\">\n\t\t<div class=\"elementor-element elementor-element-8b15d31 e-flex e-con-boxed e-con e-child\" data-id=\"8b15d31\" data-element_type=\"container\" data-settings=\"{&quot;background_background&quot;:&quot;classic&quot;}\">\n\t\t\t\t\t<div class=\"e-con-inner\">\n\t\t\t\t<div class=\"elementor-element elementor-element-63833ba elementor-widget elementor-widget-theme-post-featured-image elementor-widget-image\" data-id=\"63833ba\" data-element_type=\"widget\" data-widget_type=\"theme-post-featured-image.default\">\n\t\t\t\t<div class=\"elementor-widget-container\">\n\t\t\t\t\t\t\t\t\t\t\t\t\t\t<a href=\"https:\/\/www.nerofermento.it\/fr\/prodotto\/entier-30g-2\/\">\n\t\t\t\t\t\t\t<img decoding=\"async\" src=\"https:\/\/www.nerofermento.it\/wp-content\/uploads\/elementor\/thumbs\/aglio_nero_2-scaled-qudixv006gq4m2zpwoochyb5sxxy335mt0kkeoojps.jpg\" title=\"ail_noir_2\" alt=\"ail noir 30g o\u00f9 l&#039;acheter\" loading=\"lazy\" \/>\t\t\t\t\t\t\t\t<\/a>\n\t\t\t\t\t\t\t\t\t\t\t\t\t<\/div>\n\t\t\t\t<\/div>\n\t\t\t\t\t<\/div>\n\t\t\t\t<\/div>\n\t\t\t\t<div class=\"elementor-element elementor-element-502aa45 titlos elementor-widget elementor-widget-heading\" data-id=\"502aa45\" data-element_type=\"widget\" data-widget_type=\"heading.default\">\n\t\t\t\t<div class=\"elementor-widget-container\">\n\t\t\t<h2 class=\"elementor-heading-title elementor-size-default\">PLEIN<\/h2>\t\t<\/div>\n\t\t\t\t<\/div>\n\t\t\t\t<div class=\"elementor-element elementor-element-7541705 elementor-widget elementor-widget-heading\" data-id=\"7541705\" data-element_type=\"widget\" data-widget_type=\"heading.default\">\n\t\t\t\t<div class=\"elementor-widget-container\">\n\t\t\t<h2 class=\"elementor-heading-title elementor-size-default\">Poids : 30g<\/h2>\t\t<\/div>\n\t\t\t\t<\/div>\n\t\t\t\t<div class=\"elementor-element elementor-element-6f3b292 elementor-widget elementor-widget-heading\" data-id=\"6f3b292\" data-element_type=\"widget\" data-widget_type=\"heading.default\">\n\t\t\t\t<div class=\"elementor-widget-container\">\n\t\t\t<h2 class=\"elementor-heading-title elementor-size-default\">1 bulbe d'ail noir obtenu au cours du processus de maturation de l'\"Aglio di Voghiera D.O.P.\".<\/h2>\t\t<\/div>\n\t\t\t\t<\/div>\n\t\t\t\t<div class=\"elementor-element elementor-element-4fed86f elementor-align-center elementor-widget elementor-widget-button\" data-id=\"4fed86f\" data-element_type=\"widget\" data-widget_type=\"button.default\">\n\t\t\t\t<div class=\"elementor-widget-container\">\n\t\t\t\t\t<div class=\"elementor-button-wrapper\">\n\t\t\t<a class=\"elementor-button elementor-button-link elementor-size-sm elementor-animation-grow\" href=\"https:\/\/www.nerofermento.it\/fr\/contacts\/#compfr\" target=\"_blank\">\n\t\t\t\t\t\t<span class=\"elementor-button-content-wrapper\">\n\t\t\t\t\t\t\t\t\t<span class=\"elementor-button-text\">DEMANDER UN PRODUIT<\/span>\n\t\t\t\t\t<\/span>\n\t\t\t\t\t<\/a>\n\t\t<\/div>\n\t\t\t\t<\/div>\n\t\t\t\t<\/div>\n\t\t\t\t<div class=\"elementor-element elementor-element-2420c02 elementor-align-center more_link elementor-widget elementor-widget-button\" data-id=\"2420c02\" data-element_type=\"widget\" data-widget_type=\"button.default\">\n\t\t\t\t<div class=\"elementor-widget-container\">\n\t\t\t\t\t<div class=\"elementor-button-wrapper\">\n\t\t\t<a class=\"elementor-button elementor-button-link elementor-size-sm elementor-animation-grow\" href=\"https:\/\/www.nerofermento.it\/fr\/prodotto\/entier-30g-2\/\">\n\t\t\t\t\t\t<span class=\"elementor-button-content-wrapper\">\n\t\t\t\t\t\t<span class=\"elementor-button-icon\">\n\t\t\t\t<svg aria-hidden=\"true\" class=\"e-font-icon-svg e-fas-arrow-right\" viewbox=\"0 0 448 512\" xmlns=\"http:\/\/www.w3.org\/2000\/svg\"><path d=\"M190.5 66.9l22.2-22.2c9.4-9.4 24.6-9.4 33.9 0L441 239c9.4 9.4 9.4 24.6 0 33.9L246.6 467.3c-9.4 9.4-24.6 9.4-33.9 0l-22.2-22.2c-9.5-9.5-9.3-25 .4-34.3L311.4 296H24c-13.3 0-24-10.7-24-24v-32c0-13.3 10.7-24 24-24h287.4L190.9 101.2c-9.8-9.3-10-24.8-.4-34.3z\"><\/path><\/svg>\t\t\t<\/span>\n\t\t\t\t\t\t\t\t\t<span class=\"elementor-button-text\">En savoir plus<\/span>\n\t\t\t\t\t<\/span>\n\t\t\t\t\t<\/a>\n\t\t<\/div>\n\t\t\t\t<\/div>\n\t\t\t\t<\/div>\n\t\t\t\t\t<\/div>\n\t\t\t\t<\/div>\n\t\t\t\t\t<\/div>\n\t\t\t\t<\/div>\n\t\t\t\t<\/div>\n\t\t\t\t<div data-elementor-type=\"loop-item\" data-elementor-id=\"1132\" class=\"elementor elementor-1132 e-loop-item e-loop-item-1138 post-1138 prodotto type-prodotto status-publish format-standard has-post-thumbnail hentry categoria_prodotti-aglio-nero-en-it\" data-elementor-post-type=\"elementor_library\" data-custom-edit-handle=\"1\">\n\t\t\t<div class=\"elementor-element elementor-element-88b269d e-flex e-con-boxed e-con e-child\" data-id=\"88b269d\" data-element_type=\"container\" data-settings=\"{&quot;background_background&quot;:&quot;classic&quot;}\">\n\t\t\t\t\t<div class=\"e-con-inner\">\n\t\t<div class=\"elementor-element elementor-element-885c22e corpus e-flex e-con-boxed e-con e-child\" data-id=\"885c22e\" data-element_type=\"container\" data-settings=\"{&quot;background_background&quot;:&quot;classic&quot;}\">\n\t\t\t\t\t<div class=\"e-con-inner\">\n\t\t<div class=\"elementor-element elementor-element-8b15d31 e-flex e-con-boxed e-con e-child\" data-id=\"8b15d31\" data-element_type=\"container\" data-settings=\"{&quot;background_background&quot;:&quot;classic&quot;}\">\n\t\t\t\t\t<div class=\"e-con-inner\">\n\t\t\t\t<div class=\"elementor-element elementor-element-63833ba elementor-widget elementor-widget-theme-post-featured-image elementor-widget-image\" data-id=\"63833ba\" data-element_type=\"widget\" data-widget_type=\"theme-post-featured-image.default\">\n\t\t\t\t<div class=\"elementor-widget-container\">\n\t\t\t\t\t\t\t\t\t\t\t\t\t\t<a href=\"https:\/\/www.nerofermento.it\/fr\/prodotto\/unite-daffichage\/\">\n\t\t\t\t\t\t\t<img decoding=\"async\" src=\"https:\/\/www.nerofermento.it\/wp-content\/uploads\/elementor\/thumbs\/aglio_nero_1-qudixu25zmouah13269pxgjp7k2kve1wgvx2xepxw0.jpg\" title=\"noir_ail_1\" alt=\"O\u00f9 acheter les produits nerofermento\" loading=\"lazy\" \/>\t\t\t\t\t\t\t\t<\/a>\n\t\t\t\t\t\t\t\t\t\t\t\t\t<\/div>\n\t\t\t\t<\/div>\n\t\t\t\t\t<\/div>\n\t\t\t\t<\/div>\n\t\t\t\t<div class=\"elementor-element elementor-element-502aa45 titlos elementor-widget elementor-widget-heading\" data-id=\"502aa45\" data-element_type=\"widget\" data-widget_type=\"heading.default\">\n\t\t\t\t<div class=\"elementor-widget-container\">\n\t\t\t<h2 class=\"elementor-heading-title elementor-size-default\">EXPOSANT<\/h2>\t\t<\/div>\n\t\t\t\t<\/div>\n\t\t\t\t<div class=\"elementor-element elementor-element-7541705 elementor-widget elementor-widget-heading\" data-id=\"7541705\" data-element_type=\"widget\" data-widget_type=\"heading.default\">\n\t\t\t\t<div class=\"elementor-widget-container\">\n\t\t\t<h2 class=\"elementor-heading-title elementor-size-default\">Quantit\u00e9 : 10 pi\u00e8ces<\/h2>\t\t<\/div>\n\t\t\t\t<\/div>\n\t\t\t\t<div class=\"elementor-element elementor-element-6f3b292 elementor-widget elementor-widget-heading\" data-id=\"6f3b292\" data-element_type=\"widget\" data-widget_type=\"heading.default\">\n\t\t\t\t<div class=\"elementor-widget-container\">\n\t\t\t<h2 class=\"elementor-heading-title elementor-size-default\">Bo\u00eete de pr\u00e9sentation (10 pi\u00e8ces) : 24x20x12,5cm<\/h2>\t\t<\/div>\n\t\t\t\t<\/div>\n\t\t\t\t<div class=\"elementor-element elementor-element-4fed86f elementor-align-center elementor-widget elementor-widget-button\" data-id=\"4fed86f\" data-element_type=\"widget\" data-widget_type=\"button.default\">\n\t\t\t\t<div class=\"elementor-widget-container\">\n\t\t\t\t\t<div class=\"elementor-button-wrapper\">\n\t\t\t<a class=\"elementor-button elementor-button-link elementor-size-sm elementor-animation-grow\" href=\"https:\/\/www.nerofermento.it\/fr\/contacts\/#compfr\" target=\"_blank\">\n\t\t\t\t\t\t<span class=\"elementor-button-content-wrapper\">\n\t\t\t\t\t\t\t\t\t<span class=\"elementor-button-text\">DEMANDER UN PRODUIT<\/span>\n\t\t\t\t\t<\/span>\n\t\t\t\t\t<\/a>\n\t\t<\/div>\n\t\t\t\t<\/div>\n\t\t\t\t<\/div>\n\t\t\t\t<div class=\"elementor-element elementor-element-2420c02 elementor-align-center more_link elementor-widget elementor-widget-button\" data-id=\"2420c02\" data-element_type=\"widget\" data-widget_type=\"button.default\">\n\t\t\t\t<div class=\"elementor-widget-container\">\n\t\t\t\t\t<div class=\"elementor-button-wrapper\">\n\t\t\t<a class=\"elementor-button elementor-button-link elementor-size-sm elementor-animation-grow\" href=\"https:\/\/www.nerofermento.it\/fr\/prodotto\/unite-daffichage\/\">\n\t\t\t\t\t\t<span class=\"elementor-button-content-wrapper\">\n\t\t\t\t\t\t<span class=\"elementor-button-icon\">\n\t\t\t\t<svg aria-hidden=\"true\" class=\"e-font-icon-svg e-fas-arrow-right\" viewbox=\"0 0 448 512\" xmlns=\"http:\/\/www.w3.org\/2000\/svg\"><path d=\"M190.5 66.9l22.2-22.2c9.4-9.4 24.6-9.4 33.9 0L441 239c9.4 9.4 9.4 24.6 0 33.9L246.6 467.3c-9.4 9.4-24.6 9.4-33.9 0l-22.2-22.2c-9.5-9.5-9.3-25 .4-34.3L311.4 296H24c-13.3 0-24-10.7-24-24v-32c0-13.3 10.7-24 24-24h287.4L190.9 101.2c-9.8-9.3-10-24.8-.4-34.3z\"><\/path><\/svg>\t\t\t<\/span>\n\t\t\t\t\t\t\t\t\t<span class=\"elementor-button-text\">En savoir plus<\/span>\n\t\t\t\t\t<\/span>\n\t\t\t\t\t<\/a>\n\t\t<\/div>\n\t\t\t\t<\/div>\n\t\t\t\t<\/div>\n\t\t\t\t\t<\/div>\n\t\t\t\t<\/div>\n\t\t\t\t\t<\/div>\n\t\t\t\t<\/div>\n\t\t\t\t<\/div>\n\t\t\t\t<\/div>\n\t\t\n\t\t\t\t<\/div>\n\t\t\t\t<\/div>\n\t\t\t\t\t<\/div>\n\t\t\t\t<\/div>\n\t\t<div class=\"elementor-element elementor-element-9b4c503 e-flex e-con-boxed e-con e-parent\" data-id=\"9b4c503\" data-element_type=\"container\" data-settings=\"{&quot;background_background&quot;:&quot;classic&quot;}\">\n\t\t\t\t\t<div class=\"e-con-inner\">\n\t\t\t\t<div class=\"elementor-element elementor-element-cfb094d elementor-widget__width-initial elementor-widget elementor-widget-heading\" data-id=\"cfb094d\" data-element_type=\"widget\" data-widget_type=\"heading.default\">\n\t\t\t\t<div class=\"elementor-widget-container\">\n\t\t\t<h2 class=\"elementor-heading-title elementor-size-default\">VOUS NE TROUVEZ PAS CE QUE VOUS CHERCHEZ ?<\/h2>\t\t<\/div>\n\t\t\t\t<\/div>\n\t\t\t\t<div class=\"elementor-element elementor-element-7d030a5 elementor-align-center elementor-widget elementor-widget-button\" data-id=\"7d030a5\" data-element_type=\"widget\" data-widget_type=\"button.default\">\n\t\t\t\t<div class=\"elementor-widget-container\">\n\t\t\t\t\t<div class=\"elementor-button-wrapper\">\n\t\t\t<a class=\"elementor-button elementor-button-link elementor-size-sm elementor-animation-grow\" href=\"https:\/\/www.nerofermento.it\/fr\/contacts\/#compfr\">\n\t\t\t\t\t\t<span class=\"elementor-button-content-wrapper\">\n\t\t\t\t\t\t\t\t\t<span class=\"elementor-button-text\">CONTACTEZ-NOUS<\/span>\n\t\t\t\t\t<\/span>\n\t\t\t\t\t<\/a>\n\t\t<\/div>\n\t\t\t\t<\/div>\n\t\t\t\t<\/div>\n\t\t\t\t\t<\/div>\n\t\t\t\t<\/div>\n\t\t\t\t<\/div>","protected":false},"excerpt":{"rendered":"<p>Produits \/ Ail noir AGLIO NERO DI NEROFERMENTO L'ail noir de NeroFermento na\u00eet de l'excellence de l'ail Voghiera D.O.P., r\u00e9put\u00e9 pour sa fra\u00eecheur et sa qualit\u00e9 sup\u00e9rieures. Gr\u00e2ce \u00e0 un processus pr\u00e9cis de fermentation naturelle, l'ar\u00f4me intense de l'ail traditionnel est att\u00e9nu\u00e9, ce qui conf\u00e8re aux gousses un go\u00fbt doux et d\u00e9licat. Les notes de r\u00e9glisse, de vinaigre balsamique et de prune [...].<\/p>","protected":false},"author":1,"featured_media":0,"parent":0,"menu_order":0,"comment_status":"closed","ping_status":"closed","template":"","meta":{"om_disable_all_campaigns":false,"_monsterinsights_skip_tracking":false,"_monsterinsights_sitenote_active":false,"_monsterinsights_sitenote_note":"","_monsterinsights_sitenote_category":0,"footnotes":""},"class_list":["post-1129","page","type-page","status-publish","hentry"],"aioseo_notices":[],"_links":{"self":[{"href":"https:\/\/www.nerofermento.it\/fr\/wp-json\/wp\/v2\/pages\/1129","targetHints":{"allow":["GET"]}}],"collection":[{"href":"https:\/\/www.nerofermento.it\/fr\/wp-json\/wp\/v2\/pages"}],"about":[{"href":"https:\/\/www.nerofermento.it\/fr\/wp-json\/wp\/v2\/types\/page"}],"author":[{"embeddable":true,"href":"https:\/\/www.nerofermento.it\/fr\/wp-json\/wp\/v2\/users\/1"}],"replies":[{"embeddable":true,"href":"https:\/\/www.nerofermento.it\/fr\/wp-json\/wp\/v2\/comments?post=1129"}],"version-history":[{"count":44,"href":"https:\/\/www.nerofermento.it\/fr\/wp-json\/wp\/v2\/pages\/1129\/revisions"}],"predecessor-version":[{"id":7762,"href":"https:\/\/www.nerofermento.it\/fr\/wp-json\/wp\/v2\/pages\/1129\/revisions\/7762"}],"wp:attachment":[{"href":"https:\/\/www.nerofermento.it\/fr\/wp-json\/wp\/v2\/media?parent=1129"}],"curies":[{"name":"wp","href":"https:\/\/api.w.org\/{rel}","templated":true}]}}