{"id":818,"date":"2024-04-30T11:52:20","date_gmt":"2024-04-30T09:52:20","guid":{"rendered":"https:\/\/www.nerofermento.it\/?page_id=818"},"modified":"2024-11-12T14:21:36","modified_gmt":"2024-11-12T13:21:36","slug":"chi-siamo","status":"publish","type":"page","link":"https:\/\/www.nerofermento.it\/de\/wer-wir-sind\/","title":{"rendered":"\u00dcber uns"},"content":{"rendered":"<div data-elementor-type=\"wp-page\" data-elementor-id=\"818\" class=\"elementor elementor-818\" data-elementor-post-type=\"page\">\n\t\t\t\t<div class=\"elementor-element elementor-element-cb08baf e-flex e-con-boxed e-con e-parent\" data-id=\"cb08baf\" data-element_type=\"container\" data-settings=\"{&quot;background_background&quot;:&quot;classic&quot;}\">\n\t\t\t\t\t<div class=\"e-con-inner\">\n\t\t\t\t<div class=\"elementor-element elementor-element-3e52f02 elementor-widget elementor-widget-heading\" data-id=\"3e52f02\" data-element_type=\"widget\" data-widget_type=\"heading.default\">\n\t\t\t\t<div class=\"elementor-widget-container\">\n\t\t\t<h1 class=\"elementor-heading-title elementor-size-default\">WER WIR SIND<\/h1>\t\t<\/div>\n\t\t\t\t<\/div>\n\t\t\t\t<div class=\"elementor-element elementor-element-a83e31b elementor-widget__width-initial elementor-widget elementor-widget-text-editor\" data-id=\"a83e31b\" data-element_type=\"widget\" data-widget_type=\"text-editor.default\">\n\t\t\t\t<div class=\"elementor-widget-container\">\n\t\t\t\t\t\t\t<p style=\"text-align: center;\">Wir sind ein innovatives Unternehmen, das Tradition und Technologie verbindet und sich auf die Umwandlung von wei\u00dfem Knoblauch in schwarzen Knoblauch durch fortschrittliche und einzigartige Verfahren spezialisiert hat.<\/p>\t\t\t\t\t\t<\/div>\n\t\t\t\t<\/div>\n\t\t\t\t\t<\/div>\n\t\t\t\t<\/div>\n\t\t<div class=\"elementor-element elementor-element-75521c0 e-flex e-con-boxed e-con e-parent\" data-id=\"75521c0\" data-element_type=\"container\" data-settings=\"{&quot;background_background&quot;:&quot;classic&quot;}\">\n\t\t\t\t\t<div class=\"e-con-inner\">\n\t\t\t\t<div class=\"elementor-element elementor-element-96d8ff8 elementor-widget elementor-widget-image\" data-id=\"96d8ff8\" data-element_type=\"widget\" data-widget_type=\"image.default\">\n\t\t\t\t<div class=\"elementor-widget-container\">\n\t\t\t\t\t\t\t\t\t\t\t\t\t<img fetchpriority=\"high\" decoding=\"async\" width=\"800\" height=\"534\" src=\"https:\/\/www.nerofermento.it\/wp-content\/uploads\/2024\/05\/4_Chi-siamo-1024x684.jpg\" class=\"attachment-large size-large wp-image-6019\" alt=\"Verkauf von schwarzem Knoblauch und Sponsoren\" srcset=\"https:\/\/www.nerofermento.it\/wp-content\/uploads\/2024\/05\/4_Chi-siamo-1024x684.jpg 1024w, https:\/\/www.nerofermento.it\/wp-content\/uploads\/2024\/05\/4_Chi-siamo-300x200.jpg 300w, https:\/\/www.nerofermento.it\/wp-content\/uploads\/2024\/05\/4_Chi-siamo-768x513.jpg 768w, https:\/\/www.nerofermento.it\/wp-content\/uploads\/2024\/05\/4_Chi-siamo-1536x1025.jpg 1536w, https:\/\/www.nerofermento.it\/wp-content\/uploads\/2024\/05\/4_Chi-siamo-2048x1367.jpg 2048w\" sizes=\"(max-width: 800px) 100vw, 800px\" \/>\t\t\t\t\t\t\t\t\t\t\t\t\t<\/div>\n\t\t\t\t<\/div>\n\t\t\t\t\t<\/div>\n\t\t\t\t<\/div>\n\t\t<div class=\"elementor-element elementor-element-bb095d7 e-flex e-con-boxed e-con e-parent\" data-id=\"bb095d7\" data-element_type=\"container\" data-settings=\"{&quot;background_background&quot;:&quot;classic&quot;}\">\n\t\t\t\t\t<div class=\"e-con-inner\">\n\t\t<div class=\"elementor-element elementor-element-b32beea e-flex e-con-boxed e-con e-child\" data-id=\"b32beea\" data-element_type=\"container\">\n\t\t\t\t\t<div class=\"e-con-inner\">\n\t\t\t\t<div class=\"elementor-element elementor-element-a9370a7 elementor-widget__width-initial elementor-widget elementor-widget-text-editor\" data-id=\"a9370a7\" data-element_type=\"widget\" data-widget_type=\"text-editor.default\">\n\t\t\t\t<div class=\"elementor-widget-container\">\n\t\t\t\t\t\t\t<h3><strong>DIE IDEE<\/strong><\/h3>\t\t\t\t\t\t<\/div>\n\t\t\t\t<\/div>\n\t\t\t\t<div class=\"elementor-element elementor-element-ecef435 elementor-widget__width-initial elementor-widget elementor-widget-text-editor\" data-id=\"ecef435\" data-element_type=\"widget\" data-widget_type=\"text-editor.default\">\n\t\t\t\t<div class=\"elementor-widget-container\">\n\t\t\t\t\t\t\t<p>Geboren als <strong>StartUp<\/strong> in Ravenna im Jahr 2017 durch das Treffen zwischen <strong>Landwirtschaft<\/strong> e <strong>Technologie<\/strong>Wir sind ein innovatives Unternehmen im Bereich der Entwicklung und Vermarktung von fermentiertem und gereiftem Knoblauch. Die Idee wurde geboren aus der <strong>orientalische G\u00e4rungskultur<\/strong> und wir haben selbst die Maschinen entwickelt, um wei\u00dfen Knoblauch in etwa 60 Tagen in schwarzen Knoblauch zu verwandeln.<\/p><p><strong>Was zeichnet uns aus?<\/strong> Die Technologie, die wir bei 100% selbst entwickelt haben, die Tatsache, dass wir uns entschieden haben, in erster Linie Knoblauch g.U. aus Voghiera (FE) zu verarbeiten, und die Tatsache, dass wir eine Gruppe von Freunden sind, allesamt Techniker, die in die Gastronomie, die Forschung und gutes Essen verliebt sind, und die beschlossen haben, ihre Komfortzone zu verlassen und die geliebte Welt der Lebensmittel aus eigener Kraft zu betreten <strong>F\u00e4higkeiten<\/strong> und seine eigene <strong>Kreativit\u00e4t<\/strong>.<\/p>\t\t\t\t\t\t<\/div>\n\t\t\t\t<\/div>\n\t\t\t\t\t<\/div>\n\t\t\t\t<\/div>\n\t\t<div class=\"elementor-element elementor-element-6e0773b e-flex e-con-boxed e-con e-child\" data-id=\"6e0773b\" data-element_type=\"container\">\n\t\t\t\t\t<div class=\"e-con-inner\">\n\t\t<div class=\"elementor-element elementor-element-9e7262a e-con-full e-flex e-con e-child\" data-id=\"9e7262a\" data-element_type=\"container\" data-settings=\"{&quot;background_background&quot;:&quot;slideshow&quot;,&quot;background_slideshow_gallery&quot;:[{&quot;id&quot;:6020,&quot;url&quot;:&quot;https:\\\/\\\/www.nerofermento.it\\\/wp-content\\\/uploads\\\/2024\\\/05\\\/5_Lidea.jpg&quot;}],&quot;background_slideshow_loop&quot;:&quot;yes&quot;,&quot;background_slideshow_slide_duration&quot;:5000,&quot;background_slideshow_slide_transition&quot;:&quot;fade&quot;,&quot;background_slideshow_transition_duration&quot;:500}\">\n\t\t\t\t<div class=\"elementor-element elementor-element-26bfbd2 elementor-widget elementor-widget-spacer\" data-id=\"26bfbd2\" data-element_type=\"widget\" data-widget_type=\"spacer.default\">\n\t\t\t\t<div class=\"elementor-widget-container\">\n\t\t\t\t\t<div class=\"elementor-spacer\">\n\t\t\t<div class=\"elementor-spacer-inner\"><\/div>\n\t\t<\/div>\n\t\t\t\t<\/div>\n\t\t\t\t<\/div>\n\t\t\t\t<\/div>\n\t\t\t\t\t<\/div>\n\t\t\t\t<\/div>\n\t\t\t\t\t<\/div>\n\t\t\t\t<\/div>\n\t\t<div class=\"elementor-element elementor-element-459bbde e-flex e-con-boxed e-con e-parent\" data-id=\"459bbde\" data-element_type=\"container\" data-settings=\"{&quot;background_background&quot;:&quot;classic&quot;}\">\n\t\t\t\t\t<div class=\"e-con-inner\">\n\t\t<div class=\"elementor-element elementor-element-74727d2 e-flex e-con-boxed e-con e-child\" data-id=\"74727d2\" data-element_type=\"container\">\n\t\t\t\t\t<div class=\"e-con-inner\">\n\t\t<div class=\"elementor-element elementor-element-6e54f0b e-con-full e-flex e-con e-child\" data-id=\"6e54f0b\" data-element_type=\"container\" data-settings=\"{&quot;background_background&quot;:&quot;classic&quot;}\">\n\t\t\t\t<div class=\"elementor-element elementor-element-8caa420 elementor-widget elementor-widget-spacer\" data-id=\"8caa420\" data-element_type=\"widget\" data-widget_type=\"spacer.default\">\n\t\t\t\t<div class=\"elementor-widget-container\">\n\t\t\t\t\t<div class=\"elementor-spacer\">\n\t\t\t<div class=\"elementor-spacer-inner\"><\/div>\n\t\t<\/div>\n\t\t\t\t<\/div>\n\t\t\t\t<\/div>\n\t\t\t\t<\/div>\n\t\t\t\t\t<\/div>\n\t\t\t\t<\/div>\n\t\t<div class=\"elementor-element elementor-element-7637592 e-flex e-con-boxed e-con e-child\" data-id=\"7637592\" data-element_type=\"container\">\n\t\t\t\t\t<div class=\"e-con-inner\">\n\t\t\t\t<div class=\"elementor-element elementor-element-0e028e7 elementor-widget__width-initial elementor-widget elementor-widget-text-editor\" data-id=\"0e028e7\" data-element_type=\"widget\" data-widget_type=\"text-editor.default\">\n\t\t\t\t<div class=\"elementor-widget-container\">\n\t\t\t\t\t\t\t<h3><strong>DER ROHSTOFF IM MITTELPUNKT<\/strong><\/h3>\t\t\t\t\t\t<\/div>\n\t\t\t\t<\/div>\n\t\t\t\t<div class=\"elementor-element elementor-element-185ff96 elementor-widget__width-initial elementor-widget elementor-widget-text-editor\" data-id=\"185ff96\" data-element_type=\"widget\" data-widget_type=\"text-editor.default\">\n\t\t\t\t<div class=\"elementor-widget-container\">\n\t\t\t\t\t\t\t<p>Im Mittelpunkt steht dabei der Rohstoff, die <strong>Gebiet<\/strong> darstellen und ausdr\u00fccken, die <strong>Achtung der Lieferkette<\/strong>.<\/p><p>F\u00fcr unsere Nero di Voghiera Gourmet-Linie w\u00e4hlen wir sorgf\u00e4ltig nur <strong>Knoblauch von Voghiera P.D.O.<\/strong>zertifiziert und gesch\u00fctzt durch die <strong>Consorzio Produttori Aglio di Voghiera (Konsortium der Knoblaucherzeuger von Voghiera)<\/strong>ein hervorragendes Produkt, das den unnachahmlichen Geschmack und die wohltuenden Eigenschaften der Natur in sich vereint.<\/p><p>F\u00fcr unsere Linie NERO&amp;BIO w\u00e4hlen wir wei\u00dfen Knoblauch aus den besten <strong>an zertifizierte Bio-Italiener<\/strong>sorgf\u00e4ltig ausgew\u00e4hlt und angebaut in der <strong>Achtung des Territoriums<\/strong>. Ein konkretes Engagement f\u00fcr die <strong>Nachhaltigkeit<\/strong> und f\u00fcr die <strong>Fl\u00e4chenschutz<\/strong>.<\/p>\t\t\t\t\t\t<\/div>\n\t\t\t\t<\/div>\n\t\t\t\t\t<\/div>\n\t\t\t\t<\/div>\n\t\t\t\t\t<\/div>\n\t\t\t\t<\/div>\n\t\t<div class=\"elementor-element elementor-element-9925a24 e-flex e-con-boxed e-con e-parent\" data-id=\"9925a24\" data-element_type=\"container\" data-settings=\"{&quot;background_background&quot;:&quot;classic&quot;}\">\n\t\t\t\t\t<div class=\"e-con-inner\">\n\t\t<div class=\"elementor-element elementor-element-9231e44 e-flex e-con-boxed e-con e-child\" data-id=\"9231e44\" data-element_type=\"container\">\n\t\t\t\t\t<div class=\"e-con-inner\">\n\t\t\t\t<div class=\"elementor-element elementor-element-19a1bfc elementor-widget__width-initial elementor-widget elementor-widget-text-editor\" data-id=\"19a1bfc\" data-element_type=\"widget\" data-widget_type=\"text-editor.default\">\n\t\t\t\t<div class=\"elementor-widget-container\">\n\t\t\t\t\t\t\t<h3><strong>TECHNOLOGIE<\/strong><\/h3>\t\t\t\t\t\t<\/div>\n\t\t\t\t<\/div>\n\t\t\t\t<div class=\"elementor-element elementor-element-e939dec elementor-widget__width-initial elementor-widget elementor-widget-text-editor\" data-id=\"e939dec\" data-element_type=\"widget\" data-widget_type=\"text-editor.default\">\n\t\t\t\t<div class=\"elementor-widget-container\">\n\t\t\t\t\t\t\t<p><span style=\"font-size: 12pt;\">Die Transformationspflanzen wurden <strong>voll entwickelt<\/strong> von der Idee \u00fcber das Design bis zur Umsetzung, Hardware und Software.<\/span><\/p><p><span style=\"font-size: 12pt;\">Die Behandlungszellen mit einem Fassungsverm\u00f6gen von jeweils 2,5 Tonnen sind mit einem Automatisierungs- und Kontrollsystem ausgestattet, das die Einstellung und \u00dcberwachung der <strong>Temperatur und Feuchtigkeit<\/strong> <strong>optimal<\/strong> f\u00fcr die Zwecke der Knoblauchverarbeitung.<\/span><\/p>\t\t\t\t\t\t<\/div>\n\t\t\t\t<\/div>\n\t\t\t\t\t<\/div>\n\t\t\t\t<\/div>\n\t\t<div class=\"elementor-element elementor-element-2d06410 e-flex e-con-boxed e-con e-child\" data-id=\"2d06410\" data-element_type=\"container\">\n\t\t\t\t\t<div class=\"e-con-inner\">\n\t\t<div class=\"elementor-element elementor-element-def5fed e-con-full e-flex e-con e-child\" data-id=\"def5fed\" data-element_type=\"container\" data-settings=\"{&quot;background_background&quot;:&quot;classic&quot;}\">\n\t\t\t\t<div class=\"elementor-element elementor-element-6843453 elementor-widget elementor-widget-spacer\" data-id=\"6843453\" data-element_type=\"widget\" data-widget_type=\"spacer.default\">\n\t\t\t\t<div class=\"elementor-widget-container\">\n\t\t\t\t\t<div class=\"elementor-spacer\">\n\t\t\t<div class=\"elementor-spacer-inner\"><\/div>\n\t\t<\/div>\n\t\t\t\t<\/div>\n\t\t\t\t<\/div>\n\t\t\t\t<\/div>\n\t\t\t\t\t<\/div>\n\t\t\t\t<\/div>\n\t\t\t\t\t<\/div>\n\t\t\t\t<\/div>\n\t\t<div class=\"elementor-element elementor-element-cd2cf7c e-flex e-con-boxed e-con e-parent\" data-id=\"cd2cf7c\" data-element_type=\"container\" data-settings=\"{&quot;background_background&quot;:&quot;classic&quot;}\">\n\t\t\t\t\t<div class=\"e-con-inner\">\n\t\t<div class=\"elementor-element elementor-element-504d035 e-flex e-con-boxed e-con e-child\" data-id=\"504d035\" data-element_type=\"container\">\n\t\t\t\t\t<div class=\"e-con-inner\">\n\t\t<div class=\"elementor-element elementor-element-779007d e-con-full e-flex e-con e-child\" data-id=\"779007d\" data-element_type=\"container\" data-settings=\"{&quot;background_background&quot;:&quot;classic&quot;}\">\n\t\t\t\t<div class=\"elementor-element elementor-element-483c70d elementor-widget elementor-widget-spacer\" data-id=\"483c70d\" data-element_type=\"widget\" data-widget_type=\"spacer.default\">\n\t\t\t\t<div class=\"elementor-widget-container\">\n\t\t\t\t\t<div class=\"elementor-spacer\">\n\t\t\t<div class=\"elementor-spacer-inner\"><\/div>\n\t\t<\/div>\n\t\t\t\t<\/div>\n\t\t\t\t<\/div>\n\t\t\t\t<\/div>\n\t\t\t\t\t<\/div>\n\t\t\t\t<\/div>\n\t\t<div class=\"elementor-element elementor-element-b3290f1 e-flex e-con-boxed e-con e-child\" data-id=\"b3290f1\" data-element_type=\"container\">\n\t\t\t\t\t<div class=\"e-con-inner\">\n\t\t\t\t<div class=\"elementor-element elementor-element-148bbbd elementor-widget__width-initial elementor-widget elementor-widget-text-editor\" data-id=\"148bbbd\" data-element_type=\"widget\" data-widget_type=\"text-editor.default\">\n\t\t\t\t<div class=\"elementor-widget-container\">\n\t\t\t\t\t\t\t<h3><strong>UNSER MEHRWERT<\/strong><\/h3>\t\t\t\t\t\t<\/div>\n\t\t\t\t<\/div>\n\t\t\t\t<div class=\"elementor-element elementor-element-ebee0a9 elementor-widget__width-initial elementor-widget elementor-widget-text-editor\" data-id=\"ebee0a9\" data-element_type=\"widget\" data-widget_type=\"text-editor.default\">\n\t\t\t\t<div class=\"elementor-widget-container\">\n\t\t\t\t\t\t\t<p><span style=\"font-size: 12pt;\">Welchen Mehrwert hat es, dass wir die Systeme selbst entwickelt und gebaut haben? Die Eigenst\u00e4ndigkeit hat es uns erm\u00f6glicht, eine <strong>vertiefte Kenntnisse der G\u00e4rungs- und Reifungsprozesse<\/strong> auf allen Ebenen, durch einen langen Weg der Analyse, der Forschung, des Experimentierens, der Fehler und der Verbesserungen, bis wir unser Know-how und unsere \"Verarbeitungsrezepte\" vollst\u00e4ndig gefestigt haben. Aus diesem Grund sind wir nicht nur Experten f\u00fcr schwarzen Knoblauch, sondern f\u00fcr alle Aspekte der Knoblauchverarbeitung: Unser schwarzer Knoblauch ist <strong>allseitiger Ausdruck des Gebiets<\/strong>von der Erde, aus der sie wei\u00df geboren wird, bis zur Konzeption und Umsetzung der Technologie, die erforderlich ist, um sie schwarz zu machen.<\/span><\/p>\t\t\t\t\t\t<\/div>\n\t\t\t\t<\/div>\n\t\t\t\t\t<\/div>\n\t\t\t\t<\/div>\n\t\t\t\t\t<\/div>\n\t\t\t\t<\/div>\n\t\t\t\t<\/div>","protected":false},"excerpt":{"rendered":"<p>\u00dcBER UNS Wir sind ein innovatives Unternehmen, das Tradition und Technologie verbindet und sich auf die Umwandlung von wei\u00dfem Knoblauch in schwarzen Knoblauch durch fortschrittliche und einzigartige Prozesse spezialisiert hat. DIE IDEE Entstanden als StartUp in Ravenna im Jahr 2017 aus der Begegnung von Landwirtschaft und Technologie, sind wir ein innovatives Unternehmen im Bereich der Entwicklung und Vermarktung von fermentiertem und gereiftem Knoblauch. Die Idee wurde geboren [...]<\/p>","protected":false},"author":1,"featured_media":0,"parent":0,"menu_order":0,"comment_status":"closed","ping_status":"closed","template":"","meta":{"om_disable_all_campaigns":false,"_monsterinsights_skip_tracking":false,"_monsterinsights_sitenote_active":false,"_monsterinsights_sitenote_note":"","_monsterinsights_sitenote_category":0,"footnotes":""},"class_list":["post-818","page","type-page","status-publish","hentry"],"aioseo_notices":[],"_links":{"self":[{"href":"https:\/\/www.nerofermento.it\/de\/wp-json\/wp\/v2\/pages\/818","targetHints":{"allow":["GET"]}}],"collection":[{"href":"https:\/\/www.nerofermento.it\/de\/wp-json\/wp\/v2\/pages"}],"about":[{"href":"https:\/\/www.nerofermento.it\/de\/wp-json\/wp\/v2\/types\/page"}],"author":[{"embeddable":true,"href":"https:\/\/www.nerofermento.it\/de\/wp-json\/wp\/v2\/users\/1"}],"replies":[{"embeddable":true,"href":"https:\/\/www.nerofermento.it\/de\/wp-json\/wp\/v2\/comments?post=818"}],"version-history":[{"count":24,"href":"https:\/\/www.nerofermento.it\/de\/wp-json\/wp\/v2\/pages\/818\/revisions"}],"predecessor-version":[{"id":7620,"href":"https:\/\/www.nerofermento.it\/de\/wp-json\/wp\/v2\/pages\/818\/revisions\/7620"}],"wp:attachment":[{"href":"https:\/\/www.nerofermento.it\/de\/wp-json\/wp\/v2\/media?parent=818"}],"curies":[{"name":"wp","href":"https:\/\/api.w.org\/{rel}","templated":true}]}}