{"id":7123,"date":"2024-09-18T16:18:03","date_gmt":"2024-09-18T14:18:03","guid":{"rendered":"https:\/\/www.nerofermento.it\/disconoscimento\/"},"modified":"2024-10-25T16:45:54","modified_gmt":"2024-10-25T14:45:54","slug":"disconoscimento","status":"publish","type":"page","link":"https:\/\/www.nerofermento.it\/de\/nichtanerkennung\/","title":{"rendered":"Verleugnung"},"content":{"rendered":"<div data-elementor-type=\"wp-page\" data-elementor-id=\"7123\" class=\"elementor elementor-7123\" data-elementor-post-type=\"page\">\n\t\t\t\t<div class=\"elementor-element elementor-element-7e0a7b9d e-flex e-con-boxed e-con e-parent\" data-id=\"7e0a7b9d\" data-element_type=\"container\" data-settings=\"{&quot;background_background&quot;:&quot;classic&quot;}\">\n\t\t\t\t\t<div class=\"e-con-inner\">\n\t\t\t\t<div class=\"elementor-element elementor-element-1390b24f elementor-widget elementor-widget-shortcode\" data-id=\"1390b24f\" data-element_type=\"widget\" data-widget_type=\"shortcode.default\">\n\t\t\t\t<div class=\"elementor-widget-container\">\n\t\t\t\t\t<div class=\"elementor-shortcode\">\n<!-- Legal document generated by Complianz | GDPR\/CCPA Cookie Consent https:\/\/wordpress.org\/plugins\/complianz-gdpr -->\n<div id=\"cmplz-document\" class=\"cmplz-document disclaimer cmplz-document-all\"><p>NEROFERMENTO S.r.l. is committed to keeping this website up to date and accurate. Should you nevertheless encounter anything that is incorrect or out of date, we would appreciate it if you could let us know. Please indicate where on the website you read the information. We will then look at this as soon as possible. Please send your response by email to: inf&#111;&#064;n&#101;&#114;of&#101;&#114;&#109;e&#110;&#116;&#111;&#046;it.<\/p><p>Wir haften weder f\u00fcr Sch\u00e4den infolge von Ungenauigkeiten oder Unvollst\u00e4ndigkeiten noch f\u00fcr Sch\u00e4den aufgrund von Problemen, die durch die Verbreitung von Informationen \u00fcber das Internet verursacht werden oder damit verbunden sind, wie z. B. St\u00f6rungen oder Unterbrechungen. Bei der Verwendung von Webformularen bem\u00fchen wir uns, die Zahl der erforderlichen Felder auf ein Minimum zu beschr\u00e4nken. NEROFERMENTO S.r.l. \u00fcbernimmt keine Haftung f\u00fcr Sch\u00e4den, die durch die Nutzung von Daten, Ratschl\u00e4gen oder Ideen entstehen, die von oder im Namen von NEROFERMENTO S.r.l. \u00fcber diese Website bereitgestellt werden.<\/p><p>Antworten und Datenschutzanfragen, die per E-Mail oder \u00fcber ein Webformular eingereicht werden, werden wie Briefe behandelt. Das bedeutet, dass Sie sp\u00e4testens innerhalb eines Monats eine Antwort von uns erwarten k\u00f6nnen. Bei komplexen Anfragen teilen wir Ihnen innerhalb von 1 Monat mit, wenn wir maximal 3 Monate ben\u00f6tigen.<\/p><p>Alle personenbezogenen Daten, die Sie uns im Rahmen Ihrer Antwort oder Ihrer Informationsanfrage zur Verf\u00fcgung stellen, werden ausschlie\u00dflich in \u00dcbereinstimmung mit unserer Datenschutzerkl\u00e4rung verwendet.<\/p><p>NEROFERMENTO S.r.l. unternimmt alle zumutbaren Anstrengungen, um seine Systeme gegen jede Form der unrechtm\u00e4\u00dfigen Nutzung zu sch\u00fctzen. NEROFERMENTO S.r.l. ergreift zu diesem Zweck angemessene technische und organisatorische Ma\u00dfnahmen, die unter anderem dem Stand der Technik Rechnung tragen. NEROFERMENTO S.r.l. haftet jedoch nicht f\u00fcr direkte und\/oder indirekte Sch\u00e4den, die einem Nutzer der Website infolge der unrechtm\u00e4\u00dfigen Nutzung seiner Systeme durch Dritte entstehen.<\/p><p>NEROFERMENTO S.r.l. \u00fcbernimmt keine Verantwortung f\u00fcr den Inhalt von Websites, auf die oder von denen ein Hyperlink oder ein anderer Verweis besteht. Produkte oder Dienstleistungen, die von Dritten angeboten werden, unterliegen den geltenden Bedingungen dieser Dritten.<\/p><p>Alle geistigen Eigentumsrechte an den Inhalten dieser Website liegen bei NEROFERMENTO S.r.l..<\/p><p>Die Vervielf\u00e4ltigung, Verbreitung und sonstige Nutzung dieser Materialien ist ohne die schriftliche Genehmigung von NEROFERMENTO S.r.l. nicht gestattet, es sei denn, zwingende gesetzliche Vorschriften (z. B. das Zitatrecht) schreiben etwas anderes vor.<\/p><p>Sollten Sie Fragen oder Probleme mit der Zug\u00e4nglichkeit der Website haben, z\u00f6gern Sie bitte nicht, uns zu kontaktieren.<\/p><\/div><\/div>\n\t\t\t\t<\/div>\n\t\t\t\t<\/div>\n\t\t\t\t\t<\/div>\n\t\t\t\t<\/div>\n\t\t\t\t<\/div>","protected":false},"excerpt":{"rendered":"","protected":false},"author":1,"featured_media":0,"parent":0,"menu_order":0,"comment_status":"closed","ping_status":"closed","template":"","meta":{"om_disable_all_campaigns":false,"_monsterinsights_skip_tracking":false,"_monsterinsights_sitenote_active":false,"_monsterinsights_sitenote_note":"","_monsterinsights_sitenote_category":0,"footnotes":""},"class_list":["post-7123","page","type-page","status-publish","hentry"],"aioseo_notices":[],"_links":{"self":[{"href":"https:\/\/www.nerofermento.it\/de\/wp-json\/wp\/v2\/pages\/7123","targetHints":{"allow":["GET"]}}],"collection":[{"href":"https:\/\/www.nerofermento.it\/de\/wp-json\/wp\/v2\/pages"}],"about":[{"href":"https:\/\/www.nerofermento.it\/de\/wp-json\/wp\/v2\/types\/page"}],"author":[{"embeddable":true,"href":"https:\/\/www.nerofermento.it\/de\/wp-json\/wp\/v2\/users\/1"}],"replies":[{"embeddable":true,"href":"https:\/\/www.nerofermento.it\/de\/wp-json\/wp\/v2\/comments?post=7123"}],"version-history":[{"count":3,"href":"https:\/\/www.nerofermento.it\/de\/wp-json\/wp\/v2\/pages\/7123\/revisions"}],"predecessor-version":[{"id":7144,"href":"https:\/\/www.nerofermento.it\/de\/wp-json\/wp\/v2\/pages\/7123\/revisions\/7144"}],"wp:attachment":[{"href":"https:\/\/www.nerofermento.it\/de\/wp-json\/wp\/v2\/media?parent=7123"}],"curies":[{"name":"wp","href":"https:\/\/api.w.org\/{rel}","templated":true}]}}